{"id":28,"date":"2017-11-28T12:25:48","date_gmt":"2017-11-28T11:25:48","guid":{"rendered":"http:\/\/kmr.se\/kmr3\/?page_id=28"},"modified":"2023-02-01T08:42:37","modified_gmt":"2023-02-01T07:42:37","slug":"start","status":"publish","type":"page","link":"http:\/\/kmr.se\/kmr3\/","title":{"rendered":"Start"},"content":{"rendered":"<p>[fusion_builder_container hundred_percent=&#8221;no&#8221; hundred_percent_height=&#8221;no&#8221; hundred_percent_height_scroll=&#8221;no&#8221; hundred_percent_height_center_content=&#8221;yes&#8221; equal_height_columns=&#8221;no&#8221; menu_anchor=&#8221;&#8221; hide_on_mobile=&#8221;small-visibility,medium-visibility,large-visibility&#8221; class=&#8221;&#8221; id=&#8221;&#8221; background_color=&#8221;&#8221; background_image=&#8221;&#8221; background_position=&#8221;center center&#8221; background_repeat=&#8221;no-repeat&#8221; fade=&#8221;no&#8221; background_parallax=&#8221;none&#8221; enable_mobile=&#8221;no&#8221; parallax_speed=&#8221;0.3&#8243; video_mp4=&#8221;&#8221; video_webm=&#8221;&#8221; video_ogv=&#8221;&#8221; video_url=&#8221;&#8221; video_aspect_ratio=&#8221;16:9&#8243; video_loop=&#8221;yes&#8221; video_mute=&#8221;yes&#8221; video_preview_image=&#8221;&#8221; border_size=&#8221;&#8221; border_color=&#8221;&#8221; border_style=&#8221;solid&#8221; margin_top=&#8221;&#8221; margin_bottom=&#8221;&#8221; padding_top=&#8221;&#8221; padding_right=&#8221;&#8221; padding_bottom=&#8221;&#8221; padding_left=&#8221;&#8221; admin_toggled=&#8221;no&#8221;][fusion_builder_row][fusion_builder_column type=&#8221;1_4&#8243; layout=&#8221;1_4&#8243; spacing=&#8221;&#8221; center_content=&#8221;no&#8221; link=&#8221;&#8221; target=&#8221;_self&#8221; min_height=&#8221;&#8221; hide_on_mobile=&#8221;small-visibility,medium-visibility,large-visibility&#8221; class=&#8221;&#8221; id=&#8221;&#8221; background_color=&#8221;&#8221; background_image=&#8221;&#8221; background_position=&#8221;left top&#8221; undefined=&#8221;&#8221; background_repeat=&#8221;no-repeat&#8221; hover_type=&#8221;none&#8221; border_size=&#8221;0&#8243; border_color=&#8221;&#8221; border_style=&#8221;solid&#8221; border_position=&#8221;all&#8221; padding_top=&#8221;&#8221; padding_right=&#8221;&#8221; padding_bottom=&#8221;&#8221; padding_left=&#8221;&#8221; margin_top=&#8221;&#8221; margin_bottom=&#8221;&#8221; animation_type=&#8221;&#8221; animation_direction=&#8221;left&#8221; animation_speed=&#8221;0.3&#8243; animation_offset=&#8221;&#8221; last=&#8221;no&#8221;][fusion_widget_area name=&#8221;avada-slidingbar-widget-1&#8243; title_size=&#8221;&#8221; title_color=&#8221;&#8221; background_color=&#8221;&#8221; padding_top=&#8221;&#8221; padding_right=&#8221;&#8221; padding_bottom=&#8221;&#8221; padding_left=&#8221;&#8221; hide_on_mobile=&#8221;small-visibility,medium-visibility,large-visibility&#8221; class=&#8221;&#8221; id=&#8221;&#8221; \/][fusion_text]<\/p>\n<p><strong>KYRKOMUSIKERNAS TIDNING<br \/>\n<\/strong>N\u00e4sta KMT utkommer fredag 11 januari. Annonsstopp m\u00e5ndag 17 december.<\/p>\n<p>[\/fusion_text][\/fusion_builder_column][fusion_builder_column type=&#8221;1_2&#8243; layout=&#8221;1_2&#8243; spacing=&#8221;&#8221; center_content=&#8221;no&#8221; link=&#8221;&#8221; target=&#8221;_self&#8221; min_height=&#8221;&#8221; hide_on_mobile=&#8221;small-visibility,medium-visibility,large-visibility&#8221; class=&#8221;&#8221; id=&#8221;&#8221; background_color=&#8221;&#8221; background_image=&#8221;&#8221; background_position=&#8221;left top&#8221; background_repeat=&#8221;no-repeat&#8221; hover_type=&#8221;none&#8221; border_size=&#8221;0&#8243; border_color=&#8221;&#8221; border_style=&#8221;solid&#8221; border_position=&#8221;all&#8221; padding_top=&#8221;&#8221; padding_right=&#8221;&#8221; padding_bottom=&#8221;&#8221; padding_left=&#8221;&#8221; margin_top=&#8221;&#8221; margin_bottom=&#8221;&#8221; animation_type=&#8221;&#8221; animation_direction=&#8221;left&#8221; animation_speed=&#8221;0.3&#8243; animation_offset=&#8221;&#8221; last=&#8221;no&#8221;][fusion_text columns=&#8221;&#8221; column_min_width=&#8221;&#8221; column_spacing=&#8221;&#8221; rule_style=&#8221;default&#8221; rule_size=&#8221;&#8221; rule_color=&#8221;&#8221; hide_on_mobile=&#8221;small-visibility,medium-visibility,large-visibility&#8221; class=&#8221;&#8221; id=&#8221;&#8221;]<\/p>\n<h1>Kyrkomusikernas Riksf\u00f6rbund \u2013 KMR<\/h1>\n<p><i>Kyrkomusikernas Riksf\u00f6rbund (KMR) \u00e4r en sammanslutning av kyrkomusiker och \u00f6vriga som gemensamt vill verka f\u00f6r kyrkomusikens fr\u00e4mjande. F\u00f6rbundets \u00e4ndam\u00e5l \u00e4r<br \/>\n\u2013 att tillvarata medlemmarnas intressen i anslutning till utbildning och anst\u00e4llning,<br \/>\n\u2013 att utveckla samarbetet och st\u00e4rka gemenskapen mellan medlemmar samt<br \/>\n\u2013 att fr\u00e4mja medlemmarnas kyrkomusikaliska kompetens.<br \/>\n<\/i><\/p>\n<p>S\u00e5 lyder \u00e4ndam\u00e5lsparagrafen i KMRs stadgar. Du \u00e4r varmt v\u00e4lkommen att vara en del i arbete och gemenskap med kyrkomusikaliska f\u00f6rtecken. Mycket g\u00e5r i Dur men vi tar oss givetvis an mollpartier och dissonanser med kyrkomusikerns\/musikens b\u00e4sta f\u00f6r \u00f6gonen. Som medlem f\u00e5r du Kyrkomusikernas Tidning en g\u00e5ng i m\u00e5naden och \u00c5rsbok med matrikel. Du kan \u00e4ven teckna f\u00f6rm\u00e5nliga medlemsf\u00f6rs\u00e4kringar via L\u00e4rarf\u00f6rs\u00e4kringar.<\/p>\n<p><i>Ingela Sj\u00f6gren,<br \/>\nf\u00f6rbundsordf\u00f6rande<\/i>[\/fusion_text][fusion_blog layout=&#8221;large&#8221; blog_grid_columns=&#8221;3&#8243; blog_grid_column_spacing=&#8221;40&#8243; blog_masonry_grid_ratio=&#8221;&#8221; blog_masonry_width_double=&#8221;&#8221; equal_heights=&#8221;no&#8221; number_posts=&#8221;4&#8243; offset=&#8221;0&#8243; pull_by=&#8221;category&#8221; cat_slug=&#8221;&#8221; exclude_cats=&#8221;bannerannons,fs-protokoll,merlasning-kmt,platsannonser&#8221; tag_slug=&#8221;&#8221; exclude_tags=&#8221;&#8221; orderby=&#8221;date&#8221; order=&#8221;DESC&#8221; thumbnail=&#8221;yes&#8221; title=&#8221;yes&#8221; title_link=&#8221;yes&#8221; content_alignment=&#8221;&#8221; excerpt=&#8221;yes&#8221; excerpt_length=&#8221;97&#8243; strip_html=&#8221;yes&#8221; meta_all=&#8221;yes&#8221; meta_author=&#8221;no&#8221; meta_categories=&#8221;no&#8221; meta_comments=&#8221;no&#8221; meta_date=&#8221;yes&#8221; meta_link=&#8221;no&#8221; meta_tags=&#8221;no&#8221; scrolling=&#8221;pagination&#8221; grid_box_color=&#8221;&#8221; grid_element_color=&#8221;&#8221; grid_separator_style_type=&#8221;&#8221; grid_separator_color=&#8221;&#8221; padding_top=&#8221;&#8221; padding_right=&#8221;&#8221; padding_bottom=&#8221;&#8221; padding_left=&#8221;&#8221; hide_on_mobile=&#8221;small-visibility,medium-visibility,large-visibility&#8221; class=&#8221;&#8221; id=&#8221;&#8221; \/][\/fusion_builder_column][fusion_builder_column type=&#8221;1_4&#8243; layout=&#8221;1_4&#8243; spacing=&#8221;&#8221; center_content=&#8221;no&#8221; link=&#8221;&#8221; target=&#8221;_self&#8221; min_height=&#8221;&#8221; hide_on_mobile=&#8221;small-visibility,medium-visibility,large-visibility&#8221; class=&#8221;&#8221; id=&#8221;&#8221; background_color=&#8221;&#8221; background_image=&#8221;&#8221; background_position=&#8221;left top&#8221; background_repeat=&#8221;no-repeat&#8221; hover_type=&#8221;none&#8221; border_size=&#8221;0&#8243; border_color=&#8221;&#8221; border_style=&#8221;solid&#8221; border_position=&#8221;all&#8221; padding_top=&#8221;&#8221; padding_right=&#8221;&#8221; padding_bottom=&#8221;&#8221; padding_left=&#8221;&#8221; margin_top=&#8221;&#8221; margin_bottom=&#8221;&#8221; animation_type=&#8221;&#8221; animation_direction=&#8221;left&#8221; animation_speed=&#8221;0.3&#8243; animation_offset=&#8221;&#8221; last=&#8221;no&#8221;][fusion_blog layout=&#8221;grid&#8221; blog_grid_columns=&#8221;1&#8243; blog_grid_column_spacing=&#8221;0&#8243; equal_heights=&#8221;no&#8221; number_posts=&#8221;20&#8243; offset=&#8221;0&#8243; pull_by=&#8221;category&#8221; cat_slug=&#8221;bannerannons&#8221; exclude_cats=&#8221;&#8221; tag_slug=&#8221;&#8221; exclude_tags=&#8221;&#8221; orderby=&#8221;date&#8221; order=&#8221;DESC&#8221; thumbnail=&#8221;yes&#8221; title=&#8221;yes&#8221; title_link=&#8221;yes&#8221; excerpt=&#8221;no&#8221; excerpt_length=&#8221;10&#8243; strip_html=&#8221;yes&#8221; meta_all=&#8221;no&#8221; meta_author=&#8221;yes&#8221; meta_categories=&#8221;yes&#8221; meta_comments=&#8221;yes&#8221; meta_date=&#8221;yes&#8221; meta_link=&#8221;yes&#8221; meta_tags=&#8221;yes&#8221; scrolling=&#8221;no&#8221; grid_box_color=&#8221;&#8221; grid_element_color=&#8221;#ffffff&#8221; grid_separator_style_type=&#8221;&#8221; grid_separator_color=&#8221;#ffffff&#8221; padding_top=&#8221;0px&#8221; padding_right=&#8221;0px&#8221; padding_bottom=&#8221;10px&#8221; padding_left=&#8221;0px&#8221; hide_on_mobile=&#8221;small-visibility,medium-visibility,large-visibility&#8221; class=&#8221;&#8221; id=&#8221;&#8221; \/][\/fusion_builder_column][\/fusion_builder_row][\/fusion_builder_container][fusion_builder_container hundred_percent=&#8221;no&#8221; equal_height_columns=&#8221;no&#8221; menu_anchor=&#8221;&#8221; hide_on_mobile=&#8221;small-visibility,medium-visibility,large-visibility&#8221; class=&#8221;&#8221; id=&#8221;&#8221; background_color=&#8221;&#8221; background_image=&#8221;&#8221; background_position=&#8221;center center&#8221; background_repeat=&#8221;no-repeat&#8221; fade=&#8221;no&#8221; background_parallax=&#8221;none&#8221; parallax_speed=&#8221;0.3&#8243; video_mp4=&#8221;&#8221; video_webm=&#8221;&#8221; video_ogv=&#8221;&#8221; video_url=&#8221;&#8221; video_aspect_ratio=&#8221;16:9&#8243; video_loop=&#8221;yes&#8221; video_mute=&#8221;yes&#8221; overlay_color=&#8221;&#8221; video_preview_image=&#8221;&#8221; border_size=&#8221;&#8221; border_color=&#8221;&#8221; border_style=&#8221;solid&#8221; padding_top=&#8221;&#8221; padding_bottom=&#8221;&#8221; padding_left=&#8221;&#8221; padding_right=&#8221;&#8221;][fusion_builder_row][fusion_builder_column type=&#8221;1_1&#8243; layout=&#8221;1_1&#8243; background_position=&#8221;left top&#8221; background_color=&#8221;&#8221; border_size=&#8221;&#8221; border_color=&#8221;&#8221; border_style=&#8221;solid&#8221; border_position=&#8221;all&#8221; spacing=&#8221;yes&#8221; background_image=&#8221;&#8221; background_repeat=&#8221;no-repeat&#8221; padding_top=&#8221;&#8221; padding_right=&#8221;&#8221; padding_bottom=&#8221;&#8221; padding_left=&#8221;&#8221; margin_top=&#8221;0px&#8221; margin_bottom=&#8221;0px&#8221; class=&#8221;&#8221; id=&#8221;&#8221; animation_type=&#8221;&#8221; animation_speed=&#8221;0.3&#8243; animation_direction=&#8221;left&#8221; hide_on_mobile=&#8221;small-visibility,medium-visibility,large-visibility&#8221; center_content=&#8221;no&#8221; last=&#8221;no&#8221; min_height=&#8221;&#8221; hover_type=&#8221;none&#8221; link=&#8221;&#8221;][fusion_text][\/fusion_text][\/fusion_builder_column][\/fusion_builder_row][\/fusion_builder_container]<\/p>\n","protected":false},"excerpt":{"rendered":"<p>[fusion_builder_container hundred_percent=&#8221;no&#8221; hundred_percent_height=&#8221;no&#8221; hundred_percent_height_scroll=&#8221;no&#8221; hundred_percent_height_center_content=&#8221;yes&#8221; equal_height_columns=&#8221;no&#8221; menu_anchor=&#8221;&#8221; hide_on_mobile=&#8221;small-visibility,medium-visibility,large-visibility&#8221; class=&#8221;&#8221; id=&#8221;&#8221; [&hellip;]<\/p>\n","protected":false},"author":1,"featured_media":0,"parent":0,"menu_order":0,"comment_status":"closed","ping_status":"closed","template":"","meta":[],"_links":{"self":[{"href":"http:\/\/kmr.se\/kmr3\/wp-json\/wp\/v2\/pages\/28"}],"collection":[{"href":"http:\/\/kmr.se\/kmr3\/wp-json\/wp\/v2\/pages"}],"about":[{"href":"http:\/\/kmr.se\/kmr3\/wp-json\/wp\/v2\/types\/page"}],"author":[{"embeddable":true,"href":"http:\/\/kmr.se\/kmr3\/wp-json\/wp\/v2\/users\/1"}],"replies":[{"embeddable":true,"href":"http:\/\/kmr.se\/kmr3\/wp-json\/wp\/v2\/comments?post=28"}],"version-history":[{"count":117,"href":"http:\/\/kmr.se\/kmr3\/wp-json\/wp\/v2\/pages\/28\/revisions"}],"predecessor-version":[{"id":2140,"href":"http:\/\/kmr.se\/kmr3\/wp-json\/wp\/v2\/pages\/28\/revisions\/2140"}],"wp:attachment":[{"href":"http:\/\/kmr.se\/kmr3\/wp-json\/wp\/v2\/media?parent=28"}],"curies":[{"name":"wp","href":"https:\/\/api.w.org\/{rel}","templated":true}]}}