{"id":50,"date":"2017-11-29T09:44:07","date_gmt":"2017-11-29T08:44:07","guid":{"rendered":"http:\/\/kmr.se\/kmr3\/?page_id=50"},"modified":"2018-12-12T08:59:26","modified_gmt":"2018-12-12T07:59:26","slug":"facklig-information","status":"publish","type":"page","link":"http:\/\/kmr.se\/kmr3\/facklig-information\/","title":{"rendered":"Facklig information"},"content":{"rendered":"<p>[fusion_builder_container hundred_percent=&#8221;no&#8221; equal_height_columns=&#8221;no&#8221; menu_anchor=&#8221;&#8221; hide_on_mobile=&#8221;small-visibility,medium-visibility,large-visibility&#8221; class=&#8221;&#8221; id=&#8221;&#8221; background_color=&#8221;&#8221; background_image=&#8221;&#8221; background_position=&#8221;center center&#8221; background_repeat=&#8221;no-repeat&#8221; fade=&#8221;no&#8221; background_parallax=&#8221;none&#8221; parallax_speed=&#8221;0.3&#8243; video_mp4=&#8221;&#8221; video_webm=&#8221;&#8221; video_ogv=&#8221;&#8221; video_url=&#8221;&#8221; video_aspect_ratio=&#8221;16:9&#8243; video_loop=&#8221;yes&#8221; video_mute=&#8221;yes&#8221; overlay_color=&#8221;&#8221; video_preview_image=&#8221;&#8221; border_size=&#8221;&#8221; border_color=&#8221;&#8221; border_style=&#8221;solid&#8221; padding_top=&#8221;&#8221; padding_bottom=&#8221;&#8221; padding_left=&#8221;&#8221; padding_right=&#8221;&#8221;][fusion_builder_row][fusion_builder_column type=&#8221;1_2&#8243; layout=&#8221;1_1&#8243; background_position=&#8221;left top&#8221; background_color=&#8221;&#8221; border_size=&#8221;&#8221; border_color=&#8221;&#8221; border_style=&#8221;solid&#8221; border_position=&#8221;all&#8221; spacing=&#8221;yes&#8221; background_image=&#8221;&#8221; background_repeat=&#8221;no-repeat&#8221; padding=&#8221;&#8221; margin_top=&#8221;0px&#8221; margin_bottom=&#8221;0px&#8221; class=&#8221;&#8221; id=&#8221;&#8221; animation_type=&#8221;&#8221; animation_speed=&#8221;0.3&#8243; animation_direction=&#8221;left&#8221; hide_on_mobile=&#8221;small-visibility,medium-visibility,large-visibility&#8221; center_content=&#8221;no&#8221; last=&#8221;no&#8221; min_height=&#8221;&#8221; hover_type=&#8221;none&#8221; link=&#8221;&#8221;][fusion_text]<\/p>\n<h3>Viktiga dokument<\/h3>\n<p><a href=\"http:\/\/kmr.se\/kmr3\/wp-content\/uploads\/2018\/11\/korrigerad_KMR_stadgar_2016.pdf\">KMR Stadgar<\/a><\/p>\n<p><a href=\"http:\/\/kmr.se\/kmr3\/wp-content\/uploads\/2018\/11\/KMR_normalstadgar.pdf\">Normalstadgar f\u00f6r KMRs Stiftsf\u00f6reningar<\/a><\/p>\n<p><a href=\"http:\/\/kmr.se\/kmr3\/wp-content\/uploads\/2018\/11\/avtal_mellan_lararforbundet_och_KMR.pdf\">Avtal mellan L\u00e4rarf\u00f6rbundet och KMR<\/a><\/p>\n<p><a href=\"http:\/\/kmr.se\/kmr3\/wp-content\/uploads\/2018\/11\/maldokument_KMR.pdf\">M\u00e5ldokument f\u00f6r Kyrkomusikernas Riksf\u00f6rbund<\/a><\/p>\n<p><a href=\"http:\/\/kmr.se\/kmr3\/wp-content\/uploads\/2018\/11\/stadgar_KOSK.pdf\">Stadgar f\u00f6r Kyrkomusikernas samarbetskommitt\u00e9<\/a><\/p>\n<p><a href=\"http:\/\/kmr.se\/kmr3\/wp-content\/uploads\/2018\/11\/stadgar_nordiska_kyrkomusikradet.pdf\">Stadgar f\u00f6r Nordiska kyrkomusikr\u00e5det<\/a><\/p>\n<p><a href=\"http:\/\/kmr.se\/kmr3\/wp-content\/uploads\/2018\/11\/utdrag_kyrkoordning_svenskakyrkan.pdf\">Utdrag ur Kyrkoordning f\u00f6r Svenska kyrkan<\/a><\/p>\n<p><a href=\"http:\/\/kmr.se\/kmr3\/wp-content\/uploads\/2018\/11\/80-90-100-modellen.pdf\">M\u00f6jlighet till minskad arbetstid f\u00f6r \u00e4ldre anst\u00e4llda, 80\/90\/100-modellen<\/a><\/p>\n<p><a href=\"http:\/\/kmr.se\/kmr3\/wp-content\/uploads\/2018\/11\/bilavtal2014.pdf\">Bilavtal 2014<\/a><\/p>\n<p><a href=\"http:\/\/kmr.se\/kmr3\/wp-content\/uploads\/2018\/11\/ob_avtal16.pdf\">Till\u00e4gg f\u00f6r obekv\u00e4m arbetstid (ur avtal 16)<\/a><\/p>\n<p><a href=\"http:\/\/kmr.se\/kmr3\/wp-content\/uploads\/2018\/11\/svenska_kyrkans_avtal_2016.pdf\">Svenska kyrkans avtal 2016<\/a><\/p>\n<p><a href=\"http:\/\/kmr.se\/kmr3\/wp-content\/uploads\/2018\/11\/svenska_kyrkans_avtal_17.pdf\">Svenska kyrkans avtal 2017<\/a><\/p>\n<p><a href=\"http:\/\/kmr.se\/kmr3\/wp-content\/uploads\/2018\/11\/trakt18.pdf\">Traktamentsavtal 18 f\u00f6r kyrkan<\/a><\/p>\n<p><a href=\"http:\/\/kmr.se\/kmr3\/wp-content\/uploads\/2018\/11\/kulturutredningen09_yttrande_kmr.pdf\">KMR&#8217;s yttrande \u00f6ver Kulturutredningen 2009<\/a><\/p>\n<p><a href=\"http:\/\/kmr.se\/kmr3\/wp-content\/uploads\/2018\/11\/kyrlig_tillampning_AFS_2015_4.pdf\">Kyrklig till\u00e4mpning av arbetsmilj\u00f6f\u00f6reskrifterna i AFS 2015:4<\/a><\/p>\n<p><a href=\"http:\/\/kmr.se\/kmr3\/wp-content\/uploads\/2018\/11\/KMRyttrandeEFU080124.pdf\">KMRs yttrande \u00f6ver EFU-utredningen<\/a><\/p>\n<p><a href=\"http:\/\/kmr.se\/kmr3\/wp-content\/uploads\/2018\/12\/PLACERINGSPOLICY_KMR.pdf\">Placeringspolicy f\u00f6r KMR<\/a><\/p>\n<p>[\/fusion_text][\/fusion_builder_column][fusion_builder_column type=&#8221;1_2&#8243; layout=&#8221;1_2&#8243; spacing=&#8221;&#8221; center_content=&#8221;no&#8221; link=&#8221;&#8221; target=&#8221;_self&#8221; min_height=&#8221;&#8221; hide_on_mobile=&#8221;small-visibility,medium-visibility,large-visibility&#8221; class=&#8221;&#8221; id=&#8221;&#8221; background_color=&#8221;&#8221; background_image=&#8221;&#8221; background_position=&#8221;left top&#8221; background_repeat=&#8221;no-repeat&#8221; hover_type=&#8221;none&#8221; border_size=&#8221;0&#8243; border_color=&#8221;&#8221; border_style=&#8221;solid&#8221; border_position=&#8221;all&#8221; padding=&#8221;&#8221; dimension_margin=&#8221;&#8221; animation_type=&#8221;&#8221; animation_direction=&#8221;left&#8221; animation_speed=&#8221;0.3&#8243; animation_offset=&#8221;&#8221; last=&#8221;no&#8221;][fusion_text]<\/p>\n<h3>F\u00f6rbundsstyrelsens protokoll<\/h3>\n<p>[\/fusion_text][fusion_text]<\/p>\n<p><a href=\"http:\/\/kmr.se\/kmr3\/wp-content\/uploads\/2018\/11\/FS_180913.pdf\">FS_180913<\/a><\/p>\n<p>[\/fusion_text][\/fusion_builder_column][\/fusion_builder_row][\/fusion_builder_container]<\/p>\n","protected":false},"excerpt":{"rendered":"<p>[fusion_builder_container hundred_percent=&#8221;no&#8221; equal_height_columns=&#8221;no&#8221; menu_anchor=&#8221;&#8221; hide_on_mobile=&#8221;small-visibility,medium-visibility,large-visibility&#8221; class=&#8221;&#8221; id=&#8221;&#8221; background_color=&#8221;&#8221; background_image=&#8221;&#8221; background_position=&#8221;center [&hellip;]<\/p>\n","protected":false},"author":1,"featured_media":0,"parent":0,"menu_order":0,"comment_status":"closed","ping_status":"closed","template":"","meta":[],"_links":{"self":[{"href":"http:\/\/kmr.se\/kmr3\/wp-json\/wp\/v2\/pages\/50"}],"collection":[{"href":"http:\/\/kmr.se\/kmr3\/wp-json\/wp\/v2\/pages"}],"about":[{"href":"http:\/\/kmr.se\/kmr3\/wp-json\/wp\/v2\/types\/page"}],"author":[{"embeddable":true,"href":"http:\/\/kmr.se\/kmr3\/wp-json\/wp\/v2\/users\/1"}],"replies":[{"embeddable":true,"href":"http:\/\/kmr.se\/kmr3\/wp-json\/wp\/v2\/comments?post=50"}],"version-history":[{"count":12,"href":"http:\/\/kmr.se\/kmr3\/wp-json\/wp\/v2\/pages\/50\/revisions"}],"predecessor-version":[{"id":2064,"href":"http:\/\/kmr.se\/kmr3\/wp-json\/wp\/v2\/pages\/50\/revisions\/2064"}],"wp:attachment":[{"href":"http:\/\/kmr.se\/kmr3\/wp-json\/wp\/v2\/media?parent=50"}],"curies":[{"name":"wp","href":"https:\/\/api.w.org\/{rel}","templated":true}]}}