{"id":56,"date":"2017-11-29T09:45:48","date_gmt":"2017-11-29T08:45:48","guid":{"rendered":"http:\/\/kmr.se\/kmr3\/?page_id=56"},"modified":"2019-01-21T11:29:52","modified_gmt":"2019-01-21T10:29:52","slug":"matrikel","status":"publish","type":"page","link":"http:\/\/kmr.se\/kmr3\/matrikel\/","title":{"rendered":"Matrikel"},"content":{"rendered":"<p>[fusion_builder_container hundred_percent=&#8221;no&#8221; hundred_percent_height=&#8221;no&#8221; hundred_percent_height_scroll=&#8221;no&#8221; hundred_percent_height_center_content=&#8221;yes&#8221; equal_height_columns=&#8221;no&#8221; menu_anchor=&#8221;&#8221; hide_on_mobile=&#8221;small-visibility,medium-visibility,large-visibility&#8221; class=&#8221;&#8221; id=&#8221;&#8221; background_color=&#8221;&#8221; background_image=&#8221;&#8221; background_position=&#8221;center center&#8221; background_repeat=&#8221;no-repeat&#8221; fade=&#8221;no&#8221; background_parallax=&#8221;none&#8221; enable_mobile=&#8221;no&#8221; parallax_speed=&#8221;0.3&#8243; video_mp4=&#8221;&#8221; video_webm=&#8221;&#8221; video_ogv=&#8221;&#8221; video_url=&#8221;&#8221; video_aspect_ratio=&#8221;16:9&#8243; video_loop=&#8221;yes&#8221; video_mute=&#8221;yes&#8221; video_preview_image=&#8221;&#8221; border_size=&#8221;&#8221; border_color=&#8221;&#8221; border_style=&#8221;solid&#8221; margin_top=&#8221;&#8221; margin_bottom=&#8221;&#8221; padding_top=&#8221;&#8221; padding_right=&#8221;&#8221; padding_bottom=&#8221;&#8221; padding_left=&#8221;&#8221; admin_toggled=&#8221;no&#8221;][fusion_builder_row][fusion_builder_column type=&#8221;1_2&#8243; layout=&#8221;1_2&#8243; spacing=&#8221;&#8221; center_content=&#8221;no&#8221; link=&#8221;&#8221; target=&#8221;_self&#8221; min_height=&#8221;&#8221; hide_on_mobile=&#8221;small-visibility,medium-visibility,large-visibility&#8221; class=&#8221;&#8221; id=&#8221;&#8221; background_color=&#8221;&#8221; background_image=&#8221;&#8221; background_position=&#8221;left top&#8221; background_repeat=&#8221;no-repeat&#8221; hover_type=&#8221;none&#8221; border_size=&#8221;0&#8243; border_color=&#8221;&#8221; border_style=&#8221;solid&#8221; border_position=&#8221;all&#8221; padding_top=&#8221;&#8221; padding_right=&#8221;&#8221; padding_bottom=&#8221;&#8221; padding_left=&#8221;&#8221; margin_top=&#8221;&#8221; margin_bottom=&#8221;&#8221; animation_type=&#8221;&#8221; animation_direction=&#8221;left&#8221; animation_speed=&#8221;0.3&#8243; animation_offset=&#8221;&#8221; last=&#8221;no&#8221;][fusion_text columns=&#8221;&#8221; column_min_width=&#8221;&#8221; column_spacing=&#8221;&#8221; rule_style=&#8221;default&#8221; rule_size=&#8221;&#8221; rule_color=&#8221;&#8221; hide_on_mobile=&#8221;small-visibility,medium-visibility,large-visibility&#8221; class=&#8221;&#8221; id=&#8221;&#8221;]<\/p>\n<h1>Matrikel 2019<\/h1>\n<p>Kyrkomusikernas Riksf\u00f6rbunds Matrikel ges ut \u00e5rligen i maj och skickas ut till samtliga medlemmar i f\u00f6rbundet, drygt 2 800 personer. Ytterligare ett par hundra exemplar brukar s\u00e4ljas separat.<\/p>\n<p><b>G\u00f6r som m\u00e5nga andra, annonsera hos oss! Annonsstopp 28 mars 2018.<\/b><\/p>\n<p>Matrikeln inneh\u00e5ller f\u00f6rutom kontaktinformation till medlemmarna i f\u00f6rbundet en stor annonsavdelning d\u00e4r orgelbyggare, f\u00f6rlag, skr\u00e4ddare, musiker, skolor, leverant\u00f6rer av musiktillbeh\u00f6r och m\u00e5nga fler v\u00e4ljer att annonsera.<\/p>\n<p>Kontakta <a href=\"mailto: kmr@kmr.se\">kmr@kmr.se<\/a> f\u00f6r best\u00e4llning av \u00e5rsboken.<\/p>\n<p>F\u00f6r annonsering i \u00e5rsboken kontakta <a href=\"mailto:matrikel@kmr.se\">matrikel@kmr.se<\/a>.<\/p>\n<h2>Priser f\u00f6r 2019 \u00e5rs matrikel<\/h2>\n<ul>\n<li>KMRs \u00e5rsbok med matrikel 400:- + porto<\/li>\n<\/ul>\n<ul>\n<li>Annons helsida f\u00e4rg (120 x 180 mm) 3 500:-\u00a0+ moms<\/li>\n<li>Annons helsida svartvit (120 x 180 mm) 1 900:-\u00a0+ moms<\/li>\n<\/ul>\n<ul>\n<li>Annons halvsida f\u00e4rg (120 x 85 mm) 2 000:- + moms<\/li>\n<li>Annons halvsida svartvit (120 x 85 mm) 1 200:- + moms<\/li>\n<\/ul>\n<ul>\n<li>Helsida insida p\u00e4rm (120 x 180 mm), inkl fyrf\u00e4rg 5 700:- + moms<\/li>\n<\/ul>\n<p>[\/fusion_text][\/fusion_builder_column][fusion_builder_column type=&#8221;1_4&#8243; layout=&#8221;1_4&#8243; spacing=&#8221;&#8221; center_content=&#8221;no&#8221; link=&#8221;&#8221; target=&#8221;_self&#8221; min_height=&#8221;&#8221; hide_on_mobile=&#8221;small-visibility,medium-visibility,large-visibility&#8221; class=&#8221;&#8221; id=&#8221;&#8221; background_color=&#8221;&#8221; background_image=&#8221;&#8221; background_position=&#8221;left top&#8221; background_repeat=&#8221;no-repeat&#8221; hover_type=&#8221;none&#8221; border_size=&#8221;0&#8243; border_color=&#8221;&#8221; border_style=&#8221;solid&#8221; border_position=&#8221;all&#8221; padding_top=&#8221;&#8221; padding_right=&#8221;&#8221; padding_bottom=&#8221;&#8221; padding_left=&#8221;&#8221; margin_top=&#8221;&#8221; margin_bottom=&#8221;&#8221; animation_type=&#8221;&#8221; animation_direction=&#8221;left&#8221; animation_speed=&#8221;0.3&#8243; animation_offset=&#8221;&#8221; last=&#8221;no&#8221;][\/fusion_builder_column][fusion_builder_column type=&#8221;1_4&#8243; layout=&#8221;1_4&#8243; spacing=&#8221;&#8221; center_content=&#8221;no&#8221; link=&#8221;&#8221; target=&#8221;_self&#8221; min_height=&#8221;&#8221; hide_on_mobile=&#8221;small-visibility,medium-visibility,large-visibility&#8221; class=&#8221;&#8221; id=&#8221;&#8221; background_color=&#8221;&#8221; background_image=&#8221;&#8221; background_position=&#8221;left top&#8221; background_repeat=&#8221;no-repeat&#8221; hover_type=&#8221;none&#8221; border_size=&#8221;0&#8243; border_color=&#8221;&#8221; border_style=&#8221;solid&#8221; border_position=&#8221;all&#8221; padding_top=&#8221;&#8221; padding_right=&#8221;&#8221; padding_bottom=&#8221;&#8221; padding_left=&#8221;&#8221; margin_top=&#8221;&#8221; margin_bottom=&#8221;&#8221; animation_type=&#8221;&#8221; animation_direction=&#8221;left&#8221; animation_speed=&#8221;0.3&#8243; animation_offset=&#8221;&#8221; last=&#8221;no&#8221;][fusion_blog layout=&#8221;grid&#8221; blog_grid_columns=&#8221;1&#8243; blog_grid_column_spacing=&#8221;0&#8243; equal_heights=&#8221;no&#8221; number_posts=&#8221;20&#8243; offset=&#8221;0&#8243; pull_by=&#8221;category&#8221; cat_slug=&#8221;bannerannons&#8221; exclude_cats=&#8221;&#8221; tag_slug=&#8221;&#8221; exclude_tags=&#8221;&#8221; orderby=&#8221;date&#8221; order=&#8221;DESC&#8221; thumbnail=&#8221;yes&#8221; title=&#8221;yes&#8221; title_link=&#8221;yes&#8221; excerpt=&#8221;no&#8221; excerpt_length=&#8221;10&#8243; strip_html=&#8221;yes&#8221; meta_all=&#8221;no&#8221; meta_author=&#8221;yes&#8221; meta_categories=&#8221;yes&#8221; meta_comments=&#8221;yes&#8221; meta_date=&#8221;yes&#8221; meta_link=&#8221;yes&#8221; meta_tags=&#8221;yes&#8221; scrolling=&#8221;no&#8221; grid_box_color=&#8221;&#8221; grid_element_color=&#8221;#ffffff&#8221; grid_separator_style_type=&#8221;&#8221; grid_separator_color=&#8221;#ffffff&#8221; padding_top=&#8221;0px&#8221; padding_right=&#8221;0px&#8221; padding_bottom=&#8221;10px&#8221; padding_left=&#8221;0px&#8221; hide_on_mobile=&#8221;small-visibility,medium-visibility,large-visibility&#8221; class=&#8221;&#8221; id=&#8221;&#8221; \/][\/fusion_builder_column][\/fusion_builder_row][\/fusion_builder_container][fusion_builder_container hundred_percent=&#8221;no&#8221; hundred_percent_height=&#8221;no&#8221; hundred_percent_height_scroll=&#8221;no&#8221; hundred_percent_height_center_content=&#8221;yes&#8221; equal_height_columns=&#8221;no&#8221; menu_anchor=&#8221;&#8221; hide_on_mobile=&#8221;small-visibility,medium-visibility,large-visibility&#8221; class=&#8221;&#8221; id=&#8221;&#8221; background_color=&#8221;&#8221; background_image=&#8221;&#8221; background_position=&#8221;center center&#8221; background_repeat=&#8221;no-repeat&#8221; fade=&#8221;no&#8221; background_parallax=&#8221;none&#8221; enable_mobile=&#8221;no&#8221; parallax_speed=&#8221;0.3&#8243; video_mp4=&#8221;&#8221; video_webm=&#8221;&#8221; video_ogv=&#8221;&#8221; video_url=&#8221;&#8221; video_aspect_ratio=&#8221;16:9&#8243; video_loop=&#8221;yes&#8221; video_mute=&#8221;yes&#8221; video_preview_image=&#8221;&#8221; border_size=&#8221;&#8221; border_color=&#8221;&#8221; border_style=&#8221;solid&#8221; margin_top=&#8221;&#8221; margin_bottom=&#8221;&#8221; padding_top=&#8221;&#8221; padding_right=&#8221;&#8221; padding_bottom=&#8221;&#8221; padding_left=&#8221;&#8221;][fusion_builder_row][fusion_builder_column type=&#8221;1_1&#8243; layout=&#8221;1_1&#8243; spacing=&#8221;&#8221; center_content=&#8221;no&#8221; link=&#8221;&#8221; target=&#8221;_self&#8221; min_height=&#8221;&#8221; hide_on_mobile=&#8221;small-visibility,medium-visibility,large-visibility&#8221; class=&#8221;&#8221; id=&#8221;&#8221; background_color=&#8221;&#8221; background_image=&#8221;&#8221; background_position=&#8221;left top&#8221; background_repeat=&#8221;no-repeat&#8221; hover_type=&#8221;none&#8221; border_size=&#8221;0&#8243; border_color=&#8221;&#8221; border_style=&#8221;solid&#8221; border_position=&#8221;all&#8221; padding_top=&#8221;&#8221; padding_right=&#8221;&#8221; padding_bottom=&#8221;&#8221; padding_left=&#8221;&#8221; margin_top=&#8221;&#8221; margin_bottom=&#8221;&#8221; animation_type=&#8221;&#8221; animation_direction=&#8221;left&#8221; animation_speed=&#8221;0.3&#8243; animation_offset=&#8221;&#8221; last=&#8221;no&#8221;][\/fusion_builder_column][\/fusion_builder_row][\/fusion_builder_container]<\/p>\n","protected":false},"excerpt":{"rendered":"<p>[fusion_builder_container hundred_percent=&#8221;no&#8221; hundred_percent_height=&#8221;no&#8221; hundred_percent_height_scroll=&#8221;no&#8221; hundred_percent_height_center_content=&#8221;yes&#8221; equal_height_columns=&#8221;no&#8221; menu_anchor=&#8221;&#8221; hide_on_mobile=&#8221;small-visibility,medium-visibility,large-visibility&#8221; class=&#8221;&#8221; id=&#8221;&#8221; [&hellip;]<\/p>\n","protected":false},"author":1,"featured_media":0,"parent":0,"menu_order":0,"comment_status":"closed","ping_status":"closed","template":"","meta":[],"_links":{"self":[{"href":"http:\/\/kmr.se\/kmr3\/wp-json\/wp\/v2\/pages\/56"}],"collection":[{"href":"http:\/\/kmr.se\/kmr3\/wp-json\/wp\/v2\/pages"}],"about":[{"href":"http:\/\/kmr.se\/kmr3\/wp-json\/wp\/v2\/types\/page"}],"author":[{"embeddable":true,"href":"http:\/\/kmr.se\/kmr3\/wp-json\/wp\/v2\/users\/1"}],"replies":[{"embeddable":true,"href":"http:\/\/kmr.se\/kmr3\/wp-json\/wp\/v2\/comments?post=56"}],"version-history":[{"count":15,"href":"http:\/\/kmr.se\/kmr3\/wp-json\/wp\/v2\/pages\/56\/revisions"}],"predecessor-version":[{"id":2120,"href":"http:\/\/kmr.se\/kmr3\/wp-json\/wp\/v2\/pages\/56\/revisions\/2120"}],"wp:attachment":[{"href":"http:\/\/kmr.se\/kmr3\/wp-json\/wp\/v2\/media?parent=56"}],"curies":[{"name":"wp","href":"https:\/\/api.w.org\/{rel}","templated":true}]}}