





{"id":16,"date":"2024-05-29T13:10:00","date_gmt":"2024-05-29T11:10:00","guid":{"rendered":"https:\/\/kmr.se\/linkoping\/?page_id=16"},"modified":"2025-03-03T08:20:50","modified_gmt":"2025-03-03T07:20:50","slug":"foreningen","status":"publish","type":"page","link":"https:\/\/kmr.se\/linkoping\/index.php\/foreningen\/","title":{"rendered":"F\u00f6reningen"},"content":{"rendered":"\n<p>V\u00e5r f\u00f6rening startade 1897 och \u00e4r d\u00e4rmed Sveriges \u00e4ldsta kyrkomusikerf\u00f6rening. F\u00f6rr ingick det i arbetet att raka pr\u00e4sten och slakta julgrisen, sl\u00e5 \u00e5der och gr\u00e4va gravar. De arbetsuppgifterna \u00e4r borta, men vi har annat att g\u00f6ra idag, och tillsammans kan vi arbeta f\u00f6r en v\u00e4l fungerande arbetsmilj\u00f6.<\/p>\n\n\n\n<p>Vid \u00e5rsm\u00f6tet utser vi representanter och personer till lokala och centrala funktioner. Vi anordnar bland annat utbildning f\u00f6r kontraktsombuden i stiftet. Det kan handla om v\u00e5ra avtal, arbetsmilj\u00f6n i kyrkan, arbetstidsreglering, v\u00e5ra r\u00e4ttigheter och skyldigheter. Kontraktsombuden organiserar i sin tur tr\u00e4ffar f\u00f6r att engagera och \u00f6ka medlemsaktiviteten med lokala initiativ. Styrelsen kallar ocks\u00e5 till medlemsm\u00f6ten.&nbsp;<\/p>\n\n\n\n<p>Under \u00e5ret har styrelsen regelbundna m\u00f6ten d\u00e4r \u00e4renden fr\u00e5n f\u00f6rbundsstyrelsen behandlas liksom f\u00f6reningens egen ekonomi, fr\u00e5gor fr\u00e5n medlemmar samt facklig information och motioner.<\/p>\n\n\n\n<p><a href=\"https:\/\/kmr.se\/linkoping\/wp-content\/uploads\/2024\/05\/LSK-arsmote-2024-1.pdf\">\u00c5rsm\u00f6tets protokoll 06-02-2024<\/a><br><a href=\"https:\/\/kmr.se\/linkoping\/wp-content\/uploads\/2025\/03\/Protokoll-arsmote-LSK-6-feb-2025.pdf\">\u00c5rsm\u00f6tets protokoll 06-02-2025<\/a><\/p>\n\n\n\n<p><\/p>\n\n\n\n<blockquote class=\"wp-block-quote is-layout-flow wp-block-quote-is-layout-flow\">\n<p><\/p>\n<\/blockquote>\n\n\n\n<h2 class=\"wp-block-heading\">\u00c4r det n\u00e5got som beh\u00f6ver f\u00f6r\u00e4ndras eller saknas? <\/h2>\n\n\n\n<p>Inf\u00f6r \u00e5rsm\u00f6te kan du l\u00e4gga fram en motion till Link\u00f6pings stifts kyrkomusikerf\u00f6rening. H\u00e4r finns tips p\u00e5 hur du kan skriva.<br>_________________________________________________________________________________________<br>Till Link\u00f6pings Stifts Kyrkomusikerf\u00f6rening<\/p>\n\n\n\n<p>Skriv kort och k\u00e4rnfullt vad vill du eller ni vill uppn\u00e5. En bra&nbsp;motion&nbsp;har en tydlig problembeskrivning. Ta avstamp i n\u00e5got som inte fungerar eller b\u00f6r kunna bli b\u00e4ttre.<br>Skriv inte f\u00f6r detaljerat (vem, n\u00e4r, hur) utan l\u00e4mna det \u00e5t f\u00f6rbundet som kan genomf\u00f6ra.<br>Avsluta med att-sats som f\u00f6ljer.<br>Jag\/vi f\u00f6resl\u00e5r<br><em>att<\/em> Sveriges L\u00e4rare Riksf\u00f6reningen Svenska kyrkan&#8230;<br><br>Ort, datum<br>Underskrift<br>Namnf\u00f6rtydligande<br><br>Skicka in din motion till ordf\u00f6rande<br><\/p>\n","protected":false},"excerpt":{"rendered":"<p>V\u00e5r f\u00f6rening startade 1897 och \u00e4r d\u00e4rmed Sveriges \u00e4ldsta kyrkomusikerf\u00f6rening. F\u00f6rr ingick det i arbetet att raka pr\u00e4sten och slakta julgrisen, sl\u00e5 \u00e5der och gr\u00e4va gravar. De arbetsuppgifterna \u00e4r borta, men vi har annat att g\u00f6ra idag, och tillsammans kan vi arbeta f\u00f6r en v\u00e4l fungerande arbetsmilj\u00f6. Vid \u00e5rsm\u00f6tet utser vi representanter och personer till [&hellip;]<\/p>\n","protected":false},"author":1,"featured_media":0,"parent":0,"menu_order":4,"comment_status":"closed","ping_status":"closed","template":"","meta":{"footnotes":""},"class_list":["post-16","page","type-page","status-publish","hentry"],"_links":{"self":[{"href":"https:\/\/kmr.se\/linkoping\/index.php\/wp-json\/wp\/v2\/pages\/16","targetHints":{"allow":["GET"]}}],"collection":[{"href":"https:\/\/kmr.se\/linkoping\/index.php\/wp-json\/wp\/v2\/pages"}],"about":[{"href":"https:\/\/kmr.se\/linkoping\/index.php\/wp-json\/wp\/v2\/types\/page"}],"author":[{"embeddable":true,"href":"https:\/\/kmr.se\/linkoping\/index.php\/wp-json\/wp\/v2\/users\/1"}],"replies":[{"embeddable":true,"href":"https:\/\/kmr.se\/linkoping\/index.php\/wp-json\/wp\/v2\/comments?post=16"}],"version-history":[{"count":15,"href":"https:\/\/kmr.se\/linkoping\/index.php\/wp-json\/wp\/v2\/pages\/16\/revisions"}],"predecessor-version":[{"id":139,"href":"https:\/\/kmr.se\/linkoping\/index.php\/wp-json\/wp\/v2\/pages\/16\/revisions\/139"}],"wp:attachment":[{"href":"https:\/\/kmr.se\/linkoping\/index.php\/wp-json\/wp\/v2\/media?parent=16"}],"curies":[{"name":"wp","href":"https:\/\/api.w.org\/{rel}","templated":true}]}}