





{"id":18,"date":"2024-05-29T13:12:10","date_gmt":"2024-05-29T11:12:10","guid":{"rendered":"https:\/\/kmr.se\/linkoping\/?page_id=18"},"modified":"2025-04-04T15:55:59","modified_gmt":"2025-04-04T13:55:59","slug":"stadgar","status":"publish","type":"page","link":"https:\/\/kmr.se\/linkoping\/index.php\/stadgar\/","title":{"rendered":"Stadgar"},"content":{"rendered":"\n<p>Stadgar f\u00f6r Link\u00f6pings Stifts kyrkomusikerf\u00f6rening.<\/p>\n\n\n<div class=\"wp-block-archives-list wp-block-archives\">Inga arkiv att visa.<\/div>\n\n\n<div data-wp-interactive=\"core\/file\" class=\"wp-block-file\"><object data-wp-bind--hidden=\"!state.hasPdfPreview\" hidden class=\"wp-block-file__embed\" data=\"https:\/\/kmr.se\/linkoping\/wp-content\/uploads\/2025\/04\/Stadgeandring-LSK-2.pdf\" type=\"application\/pdf\" style=\"width:100%;height:600px\" aria-label=\"Inb\u00e4ddning av Stadgar 2025.\"><\/object><a id=\"wp-block-file--media-ab76a54a-ac87-4699-a091-66beeb590b3e\" href=\"https:\/\/kmr.se\/linkoping\/wp-content\/uploads\/2025\/04\/Stadgeandring-LSK-2.pdf\">Stadgar 2025<\/a><a href=\"https:\/\/kmr.se\/linkoping\/wp-content\/uploads\/2025\/04\/Stadgeandring-LSK-2.pdf\" class=\"wp-block-file__button wp-element-button\" download aria-describedby=\"wp-block-file--media-ab76a54a-ac87-4699-a091-66beeb590b3e\">Ladda ner<\/a><\/div>\n","protected":false},"excerpt":{"rendered":"<p>Stadgar f\u00f6r Link\u00f6pings Stifts kyrkomusikerf\u00f6rening.<\/p>\n","protected":false},"author":1,"featured_media":0,"parent":0,"menu_order":5,"comment_status":"closed","ping_status":"closed","template":"","meta":{"footnotes":""},"class_list":["post-18","page","type-page","status-publish","hentry"],"_links":{"self":[{"href":"https:\/\/kmr.se\/linkoping\/index.php\/wp-json\/wp\/v2\/pages\/18","targetHints":{"allow":["GET"]}}],"collection":[{"href":"https:\/\/kmr.se\/linkoping\/index.php\/wp-json\/wp\/v2\/pages"}],"about":[{"href":"https:\/\/kmr.se\/linkoping\/index.php\/wp-json\/wp\/v2\/types\/page"}],"author":[{"embeddable":true,"href":"https:\/\/kmr.se\/linkoping\/index.php\/wp-json\/wp\/v2\/users\/1"}],"replies":[{"embeddable":true,"href":"https:\/\/kmr.se\/linkoping\/index.php\/wp-json\/wp\/v2\/comments?post=18"}],"version-history":[{"count":8,"href":"https:\/\/kmr.se\/linkoping\/index.php\/wp-json\/wp\/v2\/pages\/18\/revisions"}],"predecessor-version":[{"id":148,"href":"https:\/\/kmr.se\/linkoping\/index.php\/wp-json\/wp\/v2\/pages\/18\/revisions\/148"}],"wp:attachment":[{"href":"https:\/\/kmr.se\/linkoping\/index.php\/wp-json\/wp\/v2\/media?parent=18"}],"curies":[{"name":"wp","href":"https:\/\/api.w.org\/{rel}","templated":true}]}}