





{"id":20,"date":"2024-05-28T13:13:57","date_gmt":"2024-05-28T11:13:57","guid":{"rendered":"https:\/\/kmr.se\/linkoping\/?page_id=20"},"modified":"2025-03-01T16:17:11","modified_gmt":"2025-03-01T15:17:11","slug":"styrelsen","status":"publish","type":"page","link":"https:\/\/kmr.se\/linkoping\/index.php\/styrelsen\/","title":{"rendered":"Styrelsen"},"content":{"rendered":"\n<p><br>Styrelsem\u00f6tena har en fast dagordning med rapporter, ekonomi, beslut och \u00f6vriga fr\u00e5gor.<br>V\u00e4lkommen att kontakta oss via e-post.<\/p>\n\n\n\n<p><strong>Kontaktuppgifter styrelsen<\/strong><br>Ordf\u00f6rande <a href=\"mailto:marie.hallingfors@kmr.se\" data-type=\"mailto\" data-id=\"mailto:marie.hallingfors@kmr.se\" target=\"_blank\" rel=\"noreferrer noopener\">Marie Hallingfors<\/a><br>Vice ordf\u00f6rande <a href=\"mailto:nils-gunnar.karlson@kmr.se\" data-type=\"mailto\" data-id=\"mailto:nils-gunnar.karlson@kmr.se\" target=\"_blank\" rel=\"noreferrer noopener\">Nils-Gunnar Karlson<\/a><br>Kass\u00f6r <a href=\"mailto:charlotte.svensson@svenskakyrkan.se\" data-type=\"mailto\" data-id=\"mailto:charlotte.svensson@svenskakyrkan.se\" target=\"_blank\" rel=\"noreferrer noopener\">Charlotte Svensson<\/a> <br>Sekreterare <a href=\"mailto:maria.starborg@svenskakyrkan.se\" target=\"_blank\" rel=\"noreferrer noopener\">Maria Starborg<\/a><br>Ledamot\u00a0<a href=\"mailto:bo.ingelberg@svenskakyrkan.se\" data-type=\"mailto\" data-id=\"mailto:bo.ingelberg@svenskakyrkan.se\" target=\"_blank\" rel=\"noreferrer noopener\">Bo Ingelberg<\/a><br>Ledamot <a href=\"mailto:helena.lundborgsvensson@svenskakyrkan.se\" data-type=\"mailto\" data-id=\"mailto:helena.lundborgsvensson@svenskakyrkan.se\" target=\"_blank\" rel=\"noreferrer noopener\">Helena Lundborg Svensson<\/a><br><\/p>\n\n\n\n<p><strong>Kontaktuppgifter Valberedning<\/strong><br>Valberedare <a href=\"mailto:linnea.jonasson@svenskakyrkan.se\" data-type=\"mailto\" data-id=\"mailto:linnea.jonasson@svenskakyrkan.se\" target=\"_blank\" rel=\"noreferrer noopener\">Linnea Jonasson<\/a><br>Valberedare <a href=\"mailto:isaarkstedtbroberg@svenskakyrkan.se\" data-type=\"mailto\" data-id=\"mailto:isaarkstedtbroberg@svenskakyrkan.se\" target=\"_blank\" rel=\"noreferrer noopener\">Isa Arkstedt Broberg<\/a><br>Valberedare <a href=\"mailto: emil.holmberg@svenskakyrkan.se\">Emil Holmberg<\/a><\/p>\n","protected":false},"excerpt":{"rendered":"<p>Styrelsem\u00f6tena har en fast dagordning med rapporter, ekonomi, beslut och \u00f6vriga fr\u00e5gor.V\u00e4lkommen att kontakta oss via e-post. Kontaktuppgifter styrelsenOrdf\u00f6rande Marie HallingforsVice ordf\u00f6rande Nils-Gunnar KarlsonKass\u00f6r Charlotte Svensson Sekreterare Maria StarborgLedamot\u00a0Bo IngelbergLedamot Helena Lundborg Svensson Kontaktuppgifter ValberedningValberedare Linnea JonassonValberedare Isa Arkstedt BrobergValberedare Emil Holmberg<\/p>\n","protected":false},"author":1,"featured_media":0,"parent":0,"menu_order":3,"comment_status":"closed","ping_status":"closed","template":"","meta":{"footnotes":""},"class_list":["post-20","page","type-page","status-publish","hentry"],"_links":{"self":[{"href":"https:\/\/kmr.se\/linkoping\/index.php\/wp-json\/wp\/v2\/pages\/20","targetHints":{"allow":["GET"]}}],"collection":[{"href":"https:\/\/kmr.se\/linkoping\/index.php\/wp-json\/wp\/v2\/pages"}],"about":[{"href":"https:\/\/kmr.se\/linkoping\/index.php\/wp-json\/wp\/v2\/types\/page"}],"author":[{"embeddable":true,"href":"https:\/\/kmr.se\/linkoping\/index.php\/wp-json\/wp\/v2\/users\/1"}],"replies":[{"embeddable":true,"href":"https:\/\/kmr.se\/linkoping\/index.php\/wp-json\/wp\/v2\/comments?post=20"}],"version-history":[{"count":5,"href":"https:\/\/kmr.se\/linkoping\/index.php\/wp-json\/wp\/v2\/pages\/20\/revisions"}],"predecessor-version":[{"id":135,"href":"https:\/\/kmr.se\/linkoping\/index.php\/wp-json\/wp\/v2\/pages\/20\/revisions\/135"}],"wp:attachment":[{"href":"https:\/\/kmr.se\/linkoping\/index.php\/wp-json\/wp\/v2\/media?parent=20"}],"curies":[{"name":"wp","href":"https:\/\/api.w.org\/{rel}","templated":true}]}}