





{"id":26,"date":"2024-05-28T13:16:00","date_gmt":"2024-05-28T11:16:00","guid":{"rendered":"https:\/\/kmr.se\/linkoping\/?page_id=26"},"modified":"2024-05-31T22:35:28","modified_gmt":"2024-05-31T20:35:28","slug":"kontraktsombud","status":"publish","type":"page","link":"https:\/\/kmr.se\/linkoping\/index.php\/kontraktsombud\/","title":{"rendered":"Kontraktsombud"},"content":{"rendered":"\n<p>Kontraktsombuden finns n\u00e4ra dig f\u00f6r att svara p\u00e5 fr\u00e5gor om avtal, arbetsmilj\u00f6, arbetstidsreglering, v\u00e5ra r\u00e4ttigheter och skyldigheter, och ordnar ocks\u00e5 lokala tr\u00e4ffar.<br>Ta kontakt med ditt kontraktsombud f\u00f6r att ordna en tr\u00e4ff med dig och dina kollegor!<\/p>\n\n\n\n<p><strong>Domkyrkokontraktet<\/strong><br><a href=\"mailto:marie-louise.beckman@svenskakyrkan.se\">Marie-Louise Beckman<\/a><br><a href=\"mailto:linn.bjorklid@svenskakyrkan.se\" data-type=\"mailto\" data-id=\"mailto:linn.bjorklid@svenskakyrkan.se\">Linn Bj\u00f6rklid<\/a><br><br><strong>V\u00e4tterbygdens kontrakt<\/strong><br><a href=\"mailto:anna.lindquist@svenskakyrkan.se\" data-type=\"mailto\" data-id=\"mailto:anna.lindquist@svenskakyrkan.se\">Anna Lindquist<\/a><br><a href=\"mailto:anton.glans@svenskakyrkan.se\">Anton Glans<\/a><br><br><strong>Norrk\u00f6pings kontrakt<\/strong><br><a href=\"mailto:jenny.stenberg@svenskakyrkan.se\">Jenny Stenberg<\/a><br><a href=\"mailto:germund.annerbo@svenskakyrkan.se\">Germund Annerbo<\/a><br><br><strong>Kustbygdens kontrakt<\/strong><br><a href=\"mailto:charlotte.svensson@svenskakyrkan.se\">Charlotte Svensson<\/a><br><a href=\"mailto:sara.andersson@svenskakyrkan.se\">Sara Andersson<\/a><br><br><strong>Sm\u00e5landsbygdens kontrakt<\/strong><br><a href=\"mailto:maria.uggla@svenskakyrkan.se\">Maria Uggla<\/a><br><a href=\"mailto:sofia.holmquist@svenskakyrkan.se\">Sofia Holmquist<\/a><br><br><strong>\u00d6stg\u00f6tabygdens kontrakt<\/strong><br><a href=\"mailto:eva.falsjo@svenskakyrkan.se\">Eva Falsj\u00f6<\/a><br><a href=\"mailto:kristin.stenberg@svenskakyrkan.se\">Kristin Stenberg<\/a><br><br><\/p>\n","protected":false},"excerpt":{"rendered":"<p>Kontraktsombuden finns n\u00e4ra dig f\u00f6r att svara p\u00e5 fr\u00e5gor om avtal, arbetsmilj\u00f6, arbetstidsreglering, v\u00e5ra r\u00e4ttigheter och skyldigheter, och ordnar ocks\u00e5 lokala tr\u00e4ffar.Ta kontakt med ditt kontraktsombud f\u00f6r att ordna en tr\u00e4ff med dig och dina kollegor! DomkyrkokontraktetMarie-Louise BeckmanLinn Bj\u00f6rklid V\u00e4tterbygdens kontraktAnna LindquistAnton Glans Norrk\u00f6pings kontraktJenny StenbergGermund Annerbo Kustbygdens kontraktCharlotte SvenssonSara Andersson Sm\u00e5landsbygdens kontraktMaria UgglaSofia Holmquist [&hellip;]<\/p>\n","protected":false},"author":1,"featured_media":0,"parent":0,"menu_order":2,"comment_status":"closed","ping_status":"closed","template":"","meta":{"footnotes":""},"class_list":["post-26","page","type-page","status-publish","hentry"],"_links":{"self":[{"href":"https:\/\/kmr.se\/linkoping\/index.php\/wp-json\/wp\/v2\/pages\/26","targetHints":{"allow":["GET"]}}],"collection":[{"href":"https:\/\/kmr.se\/linkoping\/index.php\/wp-json\/wp\/v2\/pages"}],"about":[{"href":"https:\/\/kmr.se\/linkoping\/index.php\/wp-json\/wp\/v2\/types\/page"}],"author":[{"embeddable":true,"href":"https:\/\/kmr.se\/linkoping\/index.php\/wp-json\/wp\/v2\/users\/1"}],"replies":[{"embeddable":true,"href":"https:\/\/kmr.se\/linkoping\/index.php\/wp-json\/wp\/v2\/comments?post=26"}],"version-history":[{"count":10,"href":"https:\/\/kmr.se\/linkoping\/index.php\/wp-json\/wp\/v2\/pages\/26\/revisions"}],"predecessor-version":[{"id":98,"href":"https:\/\/kmr.se\/linkoping\/index.php\/wp-json\/wp\/v2\/pages\/26\/revisions\/98"}],"wp:attachment":[{"href":"https:\/\/kmr.se\/linkoping\/index.php\/wp-json\/wp\/v2\/media?parent=26"}],"curies":[{"name":"wp","href":"https:\/\/api.w.org\/{rel}","templated":true}]}}