





{"id":32,"date":"2024-05-28T13:18:45","date_gmt":"2024-05-28T11:18:45","guid":{"rendered":"https:\/\/kmr.se\/linkoping\/?page_id=32"},"modified":"2024-09-16T13:24:08","modified_gmt":"2024-09-16T11:24:08","slug":"valkommen","status":"publish","type":"page","link":"https:\/\/kmr.se\/linkoping\/","title":{"rendered":"V\u00e4lkommen!"},"content":{"rendered":"\n<p><br>Du beh\u00f6vs!<br><br>H\u00e4r finns information om stiftsf\u00f6reningen, och du \u00e4r varmt v\u00e4lkommen att bidra till v\u00e5rt gemensamma arbete f\u00f6r kyrkomusikernas arbete i vardag och fest.<br><br>\u00c4r du \u00e4nnu inte medlem? Registrera dig hos <a href=\"https:\/\/www.sverigeslarare.se\/medlemskap\/bli-medlem\/\" data-type=\"link\" data-id=\"https:\/\/www.sverigeslarare.se\/medlemskap\/bli-medlem\/\">Sveriges L\u00e4rare<\/a>. Du blir d\u00e5 ansluten b\u00e5de till v\u00e5rt fackf\u00f6rbund och v\u00e5r f\u00f6rening.<br>\u00c4r du medlem? Se till att du har r\u00e4tt uppgifter registrerade b\u00e5de p\u00e5 <a href=\"https:\/\/www.sverigeslarare.se\" data-type=\"link\" data-id=\"https:\/\/www.sverigeslarare.se\">Mina sidor<\/a> (Sveriges L\u00e4rare) och hos <a href=\"mailto:register@kmr.se\" data-type=\"mailto\" data-id=\"mailto:register@kmr.se\">KMR<\/a>. <br><br><br>Med b\u00e4sta h\u00e4lsningar,<br>Styrelsen i Link\u00f6pings Stifts kyrkomusikerf\u00f6rening<\/p>\n\n\n\n<p><\/p>\n\n\n\n<p><\/p>\n\n\n\n<p><\/p>\n","protected":false},"excerpt":{"rendered":"<p>Du beh\u00f6vs! H\u00e4r finns information om stiftsf\u00f6reningen, och du \u00e4r varmt v\u00e4lkommen att bidra till v\u00e5rt gemensamma arbete f\u00f6r kyrkomusikernas arbete i vardag och fest. \u00c4r du \u00e4nnu inte medlem? Registrera dig hos Sveriges L\u00e4rare. Du blir d\u00e5 ansluten b\u00e5de till v\u00e5rt fackf\u00f6rbund och v\u00e5r f\u00f6rening.\u00c4r du medlem? Se till att du har r\u00e4tt uppgifter [&hellip;]<\/p>\n","protected":false},"author":1,"featured_media":0,"parent":0,"menu_order":1,"comment_status":"closed","ping_status":"closed","template":"","meta":{"footnotes":""},"class_list":["post-32","page","type-page","status-publish","hentry"],"_links":{"self":[{"href":"https:\/\/kmr.se\/linkoping\/index.php\/wp-json\/wp\/v2\/pages\/32","targetHints":{"allow":["GET"]}}],"collection":[{"href":"https:\/\/kmr.se\/linkoping\/index.php\/wp-json\/wp\/v2\/pages"}],"about":[{"href":"https:\/\/kmr.se\/linkoping\/index.php\/wp-json\/wp\/v2\/types\/page"}],"author":[{"embeddable":true,"href":"https:\/\/kmr.se\/linkoping\/index.php\/wp-json\/wp\/v2\/users\/1"}],"replies":[{"embeddable":true,"href":"https:\/\/kmr.se\/linkoping\/index.php\/wp-json\/wp\/v2\/comments?post=32"}],"version-history":[{"count":12,"href":"https:\/\/kmr.se\/linkoping\/index.php\/wp-json\/wp\/v2\/pages\/32\/revisions"}],"predecessor-version":[{"id":119,"href":"https:\/\/kmr.se\/linkoping\/index.php\/wp-json\/wp\/v2\/pages\/32\/revisions\/119"}],"wp:attachment":[{"href":"https:\/\/kmr.se\/linkoping\/index.php\/wp-json\/wp\/v2\/media?parent=32"}],"curies":[{"name":"wp","href":"https:\/\/api.w.org\/{rel}","templated":true}]}}