





{"id":40,"date":"2024-05-28T14:00:55","date_gmt":"2024-05-28T12:00:55","guid":{"rendered":"https:\/\/kmr.se\/linkoping\/?page_id=40"},"modified":"2024-06-03T09:45:08","modified_gmt":"2024-06-03T07:45:08","slug":"historik","status":"publish","type":"page","link":"https:\/\/kmr.se\/linkoping\/index.php\/historik\/","title":{"rendered":"Historik"},"content":{"rendered":"\n<p>F\u00f6reningen bildades \u00e5r 1897. Den nationella organisationen Sveriges Allm\u00e4nna Organist- och Kantorsf\u00f6rening kom till f\u00f6rst \u00e5r 1901 efter en uppvaktning hos kung Oscar II, ecklesiastikdepartementet och Musikaliska Akademien. Den nationella organisationen kom s\u00e5 sm\u00e5ningom att byta namn till Kyrkomusikernas Riksf\u00f6rbund KMR.&nbsp;<\/p>\n\n\n\n<p>M\u00e5ls\u00e4ttningen f\u00f6r s\u00e5v\u00e4l den nationella organisationen som de snabbt framv\u00e4xande stiftsf\u00f6reningarna var densamma: att arbeta f\u00f6r kyrkos\u00e5ngens och kyrkomusikens h\u00f6jande, verka f\u00f6r enighet och god anda inom organist- och kantorsk\u00e5ren samt ett f\u00f6rb\u00e4ttrande av denna k\u00e5rs st\u00e4llning i allm\u00e4nhet. Konkret innebar detta f\u00f6r det framv\u00e4xande kyrkomusikaliska facket p\u00e5 b\u00e5de nationell och stiftsniv\u00e5 att arbeta f\u00f6r att kyrkomusikerna i Sverige blev statligt anst\u00e4llda och i detta avseende likst\u00e4llda med pr\u00e4sterna.&nbsp;<\/p>\n\n\n\n<p>Det kr\u00e4vde ett arbete som blev b\u00e5de intensivt och l\u00e5ngvarigt. F\u00f6rst 1950 kom Kyrkomusikerstadgan vilken \u00e5ret d\u00e4rp\u00e5 blev Kyrkomusikerf\u00f6rordningen. Denna statliga reglering \u00e4r den mest betydelsefulla h\u00e4ndelsen i svensk kyrkomusikalisk historia och blev grogrunden f\u00f6r den n\u00e4stan explosionsartade utvecklingen av kyrkomusiken p\u00e5 alla plan. Idag har svenska k\u00f6rer, orgelbyggerier och orgelspelare en internationellt v\u00e4lk\u00e4nd kvalitet.<\/p>\n\n\n\n<p>Den radikala f\u00f6r\u00e4ndringen med anledning av Kyrkomusikerf\u00f6rordningen innebar att de som utbildade sig till organister vid den enda institutionen Kungliga Musikh\u00f6gskolan i Stockholm f\u00f6r f\u00f6rsta g\u00e5ngen hade m\u00f6jlighet att f\u00e5 heltidsanst\u00e4llning som organist med kyrkan som huvudarbetsgivare. I en \u00f6verg\u00e5ngsperiod var den ofta kopplad till fyllnadstimmar inom skolan. Tidigare hade det varit s\u00e5 att en organists huvudsakliga tj\u00e4nstg\u00f6ring \u00e4gde rum inom skolans ram och att man dessutom spelade i kyrkan. Ett annat viktigt resultat av Kyrkomusikerf\u00f6rordningen var att de s.k. klockartj\u00e4nsterna f\u00f6rsvann och skolkantorstj\u00e4nsterna blev den tj\u00e4nstetyp som g\u00e4llde.<\/p>\n\n\n\n<p>P\u00e5 stiftsplanet skedde ocks\u00e5 f\u00f6r\u00e4ndringar. Domkapitlet fick det allm\u00e4nna inseendet \u00f6ver den kyrkomusikaliska verksamheten i stiftet, den n\u00e4rmare tillsynen inom varje kyrkomusikerdistrikt blev en uppgift f\u00f6r kyrkor\u00e5det och kyrkoherden. Kyrkomusikerf\u00f6reningen i de olika stiften kom att ha en viktig funktion som facklig f\u00f6retr\u00e4dare f\u00f6r kyrkomusikerk\u00e5ren. Innan beslut i kyrkomusikaliska fr\u00e5gor togs i Domkapitlet granskades \u00e4rendena av Domkapitlets musiksakkunnige, som var domkyrkoorganisten, av Domkapitlets jurist och av den facklige f\u00f6retr\u00e4daren, allts\u00e5 stiftsombudet.<\/p>\n\n\n\n<p>\u00c5r 1990 upph\u00f6rde Kyrkomusikerf\u00f6rordningen, och kyrkomusikerna blev kyrkokommunalt anst\u00e4llda. Oppositionen mot f\u00f6r\u00e4ndringen var inom kyrkomusikerk\u00e5ren mycket stark men det samlade resultatet av \u00f6verg\u00e5ngen fr\u00e5n statlig till kyrkokommunal anst\u00e4llning blev dock positiv fr\u00e4mst genom tidlistan, som stiftsf\u00f6reningarnas stiftsombud hade som underlag vid f\u00f6rhandlingar med arbetsgivarsidan om olika tj\u00e4nsters procentuella omfattning. Domkapitlets tidigare roll r\u00f6rande det allm\u00e4nna inseendet \u00f6ver den kyrkomusikaliska verksamheten i stiftet var borta och alla f\u00f6rhandlingar skedde p\u00e5 det f\u00f6rsamlingsm\u00e4ssiga lokalplanet. Tidlistans positiva procentr\u00e4kning ledde till ett ut\u00f6kat antal kyrkomusikertj\u00e4nster till gagn f\u00f6r den kyrkomusikaliska niv\u00e5ns h\u00f6jande.<\/p>\n\n\n\n<p>\u00c5r 2000 \u00e4gde &#8221;skilsm\u00e4ssan&#8221; mellan stat och kyrka rum. Sedan dess har fr\u00e5gor kring finansiering och utformning av kyrkomusikerutbildningarna varit aktuella, likas\u00e5 var ansvaret f\u00f6r rekrytering ska ligga.<br>Att stimulera unga m\u00e4nniskor att satsa p\u00e5 det kyrkomusikaliska yrket \u00e4r en av stiftsf\u00f6reningens allra viktigaste uppgifter.<\/p>\n\n\n\n<p>Delar av texten \u00e4r h\u00e4mtade fr\u00e5n G\u00f6teborgs Stiftsf\u00f6renings sida.<br><\/p>\n","protected":false},"excerpt":{"rendered":"<p>F\u00f6reningen bildades \u00e5r 1897. Den nationella organisationen Sveriges Allm\u00e4nna Organist- och Kantorsf\u00f6rening kom till f\u00f6rst \u00e5r 1901 efter en uppvaktning hos kung Oscar II, ecklesiastikdepartementet och Musikaliska Akademien. Den nationella organisationen kom s\u00e5 sm\u00e5ningom att byta namn till Kyrkomusikernas Riksf\u00f6rbund KMR.&nbsp; M\u00e5ls\u00e4ttningen f\u00f6r s\u00e5v\u00e4l den nationella organisationen som de snabbt framv\u00e4xande stiftsf\u00f6reningarna var densamma: att [&hellip;]<\/p>\n","protected":false},"author":1,"featured_media":0,"parent":0,"menu_order":6,"comment_status":"closed","ping_status":"closed","template":"","meta":{"footnotes":""},"class_list":["post-40","page","type-page","status-publish","hentry"],"_links":{"self":[{"href":"https:\/\/kmr.se\/linkoping\/index.php\/wp-json\/wp\/v2\/pages\/40","targetHints":{"allow":["GET"]}}],"collection":[{"href":"https:\/\/kmr.se\/linkoping\/index.php\/wp-json\/wp\/v2\/pages"}],"about":[{"href":"https:\/\/kmr.se\/linkoping\/index.php\/wp-json\/wp\/v2\/types\/page"}],"author":[{"embeddable":true,"href":"https:\/\/kmr.se\/linkoping\/index.php\/wp-json\/wp\/v2\/users\/1"}],"replies":[{"embeddable":true,"href":"https:\/\/kmr.se\/linkoping\/index.php\/wp-json\/wp\/v2\/comments?post=40"}],"version-history":[{"count":9,"href":"https:\/\/kmr.se\/linkoping\/index.php\/wp-json\/wp\/v2\/pages\/40\/revisions"}],"predecessor-version":[{"id":106,"href":"https:\/\/kmr.se\/linkoping\/index.php\/wp-json\/wp\/v2\/pages\/40\/revisions\/106"}],"wp:attachment":[{"href":"https:\/\/kmr.se\/linkoping\/index.php\/wp-json\/wp\/v2\/media?parent=40"}],"curies":[{"name":"wp","href":"https:\/\/api.w.org\/{rel}","templated":true}]}}