{"id":5,"date":"2020-06-26T10:54:52","date_gmt":"2020-06-26T08:54:52","guid":{"rendered":"https:\/\/kmr.se\/lulea\/wordpress\/?page_id=5"},"modified":"2026-03-27T10:39:05","modified_gmt":"2026-03-27T09:39:05","slug":"startsida","status":"publish","type":"page","link":"https:\/\/kmr.se\/lulea\/","title":{"rendered":"Startsida"},"content":{"rendered":"<p><span data-contrast=\"auto\">V\u00e4lkommen till Kyrkomusikerf\u00f6reningen i Lule\u00e5 Stift <\/span><span data-ccp-props=\"{&quot;335559685&quot;:720}\">\u00a0<\/span><\/p>\n<p><span data-contrast=\"auto\">H\u00e4r m\u00f6ts musiker i gemenskap och engagemang f\u00f6r kyrkomusiken. KMF Lule\u00e5 Stift \u00e4r en facklig och kollegial plattform f\u00f6r dig som verkar inom Svenska kyrkan i norra Sverige. Vi arbetar f\u00f6r att st\u00e4rka musikens roll i kyrkan, fr\u00e4mja levande musikframf\u00f6randen och skapa goda arbetsvillkor f\u00f6r v\u00e5ra medlemmar.<\/span><span data-ccp-props=\"{&quot;134233117&quot;:false,&quot;134233118&quot;:false,&quot;335559685&quot;:720,&quot;335559738&quot;:240,&quot;335559739&quot;:240}\">\u00a0<\/span><\/p>\n<p><span data-contrast=\"auto\">Hos oss f\u00e5r du st\u00f6d i fackliga fr\u00e5gor, m\u00f6jlighet till fortbildning och en chans att p\u00e5verka din arbetsmilj\u00f6 \u2014 lokalt och nationellt. Vi tror p\u00e5 kraften i samarbete, solidaritet och musikens unika betydelse i kyrkans liv.<\/span><span data-ccp-props=\"{&quot;134233117&quot;:false,&quot;134233118&quot;:false,&quot;335559685&quot;:720,&quot;335559738&quot;:240,&quot;335559739&quot;:240}\">\u00a0<\/span>\u00a0Vi arbetar ocks\u00e5 aktivt f\u00f6r att st\u00e4rka rekryteringen till kyrkomusikeryrket.<\/p>\n<p>H\u00e4r p\u00e5 v\u00e5r hemsida kan du ta del av det som h\u00e4nder i f\u00f6reningen. Du kan l\u00e4sa protokoll, hitta adress och telefonnummer till styrelseledam\u00f6ter och kontraktsombud, se vad som h\u00e4nder i stiftet och ta del av kollegors tips och id\u00e9er, facklig information m.m.<\/p>\n<p><span data-contrast=\"auto\">V\u00e4lkommen att bli en del av v\u00e5r gemenskap!<\/span><span data-ccp-props=\"{&quot;134233117&quot;:false,&quot;134233118&quot;:false,&quot;335559685&quot;:720,&quot;335559738&quot;:240,&quot;335559739&quot;:240}\">\u00a0<\/span><\/p>\n<p><span data-contrast=\"auto\">Christiane R\u00f6dder Steiner, ordf\u00f6rande<\/span><span data-ccp-props=\"{&quot;134233117&quot;:false,&quot;134233118&quot;:false,&quot;335559685&quot;:720,&quot;335559738&quot;:240,&quot;335559739&quot;:240}\">\u00a0<\/span><\/p>\n\n\n<p><\/p>\n\n\n\n<p><\/p>\n\n\n\n<h2 class=\"wp-block-heading\"><strong>\u00c5rsm\u00f6te Lule\u00e5 stifts kyrkomusikerf\u00f6rening<\/strong><\/h2>\n\n\n\n<p>Torsdag 4 juni 2026 i Skellefte\u00e5<\/p>\n\n\n\n<p><strong>Program<\/strong><\/p>\n\n\n\n<p><strong>Kl.11.30<\/strong>&nbsp;Medlemmarna bjuds p\u00e5 lunch p\u00e5 Medlefors folkh\u00f6gskola<\/p>\n\n\n\n<p><strong>Kl.12.45<\/strong>&nbsp;Andakt p\u00e5 Stiftsg\u00e5rden i Brandellsalen<\/p>\n\n\n\n<p><strong>Kl.13.00<\/strong>&nbsp;Workshop med Jonas Nystr\u00f6m \u201dK\u00f6rs\u00e5ng och kunskapsutveckling i digital\u00e5ldern\u201d. Fokus p\u00e5 arbetet med inspelning av repertoar och skapande av digitala verktyg f\u00f6r k\u00f6rs\u00e5ngare, numera med AI-st\u00f6d. Men ocks\u00e5 presentation av arrangemang och kompositioner, bland annat SAB-material under utgivning.<\/p>\n\n\n\n<p><strong>Kl.14.30<\/strong>&nbsp;Fika<\/p>\n\n\n\n<p><strong>Kl. 15.00&nbsp;<\/strong>\u00c5rsm\u00f6te<\/p>\n\n\n\n<p><strong>Kl.16.00&nbsp;<\/strong>Orgelkonsert i St. Olovs kyrka med Johannes Landgren, orgel och piano och Daniel Berg, slagverk JUBILATE \u2013 f\u00e4rgsprakande musik f\u00f6r orgel och slagverk Ett fyrverkeri av klangliga upplevelser d\u00e4r klangf\u00e4rger fr\u00e5n olika slagverksinstrument m\u00f6ter orgelns och pianots v\u00e4rld. Programmet inneh\u00e5ller musik fr\u00e5n ett brett spektrum av stilar och stilarter. Bl a framf\u00f6rs Daniel Bergs nykomponerade verk \u201dJubilate\u201d f\u00f6r slagverk och orgel samt musik ur Petr Ebens \u201dLandscapes of Patmos\u201d \u2013 och mycket mer.<\/p>\n\n\n\n<p><strong>Kl.18.00&nbsp;<\/strong>Medlemmarna bjuds p\u00e5 middag<\/p>\n\n\n\n<p>Anm\u00e4lan senast den 4 maj till carolina.soderberg @svenskakyrkan.se<\/p>\n\n\n\n<p><strong>V\u00e4lkomna!<\/strong><\/p>\n","protected":false},"excerpt":{"rendered":"<p>V\u00e4lkommen till Kyrkomusikerf\u00f6reningen i Lule\u00e5 Stift \u00a0 H\u00e4r m\u00f6ts musiker i gemenskap och engagemang f\u00f6r kyrkomusiken. KMF Lule\u00e5 Stift \u00e4r en facklig och kollegial plattform f\u00f6r dig som verkar inom Svenska kyrkan i norra Sverige. Vi arbetar f\u00f6r att st\u00e4rka musikens roll i kyrkan, fr\u00e4mja levande musikframf\u00f6randen och skapa goda arbetsvillkor f\u00f6r v\u00e5ra medlemmar.\u00a0 Hos &hellip; <a href=\"https:\/\/kmr.se\/lulea\/\" class=\"more-link\">Forts\u00e4tt l\u00e4sa <span class=\"screen-reader-text\">Startsida<\/span> <span class=\"meta-nav\">&rarr;<\/span><\/a><\/p>\n","protected":false},"author":1,"featured_media":0,"parent":0,"menu_order":1,"comment_status":"open","ping_status":"open","template":"","meta":{"footnotes":""},"class_list":["post-5","page","type-page","status-publish","hentry"],"_links":{"self":[{"href":"https:\/\/kmr.se\/lulea\/index.php?rest_route=\/wp\/v2\/pages\/5","targetHints":{"allow":["GET"]}}],"collection":[{"href":"https:\/\/kmr.se\/lulea\/index.php?rest_route=\/wp\/v2\/pages"}],"about":[{"href":"https:\/\/kmr.se\/lulea\/index.php?rest_route=\/wp\/v2\/types\/page"}],"author":[{"embeddable":true,"href":"https:\/\/kmr.se\/lulea\/index.php?rest_route=\/wp\/v2\/users\/1"}],"replies":[{"embeddable":true,"href":"https:\/\/kmr.se\/lulea\/index.php?rest_route=%2Fwp%2Fv2%2Fcomments&post=5"}],"version-history":[{"count":8,"href":"https:\/\/kmr.se\/lulea\/index.php?rest_route=\/wp\/v2\/pages\/5\/revisions"}],"predecessor-version":[{"id":610,"href":"https:\/\/kmr.se\/lulea\/index.php?rest_route=\/wp\/v2\/pages\/5\/revisions\/610"}],"wp:attachment":[{"href":"https:\/\/kmr.se\/lulea\/index.php?rest_route=%2Fwp%2Fv2%2Fmedia&parent=5"}],"curies":[{"name":"wp","href":"https:\/\/api.w.org\/{rel}","templated":true}]}}