{"id":8,"date":"2020-06-26T11:00:29","date_gmt":"2020-06-26T09:00:29","guid":{"rendered":"https:\/\/kmr.se\/lulea\/wordpress\/?page_id=8"},"modified":"2026-01-15T19:14:17","modified_gmt":"2026-01-15T18:14:17","slug":"styrelsen","status":"publish","type":"page","link":"https:\/\/kmr.se\/lulea\/?page_id=8","title":{"rendered":"Styrelsen"},"content":{"rendered":"<p><span style=\"color: #666666;\"><i>Klicka p\u00e5 namnet f\u00f6r att skicka e-post.<\/i><\/span><\/p>\n<table style=\"height: 671px;\" border=\"0\" width=\"604\" cellspacing=\"0\" cellpadding=\"5\">\n<tbody>\n<tr>\n<td valign=\"top\" bgcolor=\"#e6f7ff\"><big><strong>\u00a0Befattning:<\/strong><\/big><\/td>\n<td valign=\"top\" bgcolor=\"#e6f7ff\"><big><strong>Ledam\u00f6ter:<\/strong><\/big><\/td>\n<\/tr>\n<tr>\n<td valign=\"top\" bgcolor=\"#ffffff\"><strong>\u00a0Ordf\u00f6rande<\/strong><\/td>\n<td valign=\"top\" bgcolor=\"#ffffff\"><strong><a href=\"mailto:christiane.rodder.steiner@svenskakyrkan.se\">Christiane R\u00f6dder Steiner<\/a><\/strong><\/td>\n<\/tr>\n<tr>\n<td valign=\"top\" bgcolor=\"#e6f7ff\"><strong>\u00a0Vice ordf\u00f6rande<\/strong><\/td>\n<td valign=\"top\" bgcolor=\"#e6f7ff\"><strong><a href=\"mailto:carolina.soderberg@svenskakyrkan.se\">Carolina S\u00f6derberg<\/a><\/strong><\/td>\n<\/tr>\n<tr>\n<td valign=\"top\" bgcolor=\"#ffffff\"><strong>\u00a0Sekreterare<\/strong><\/td>\n<td valign=\"top\" bgcolor=\"#ffffff\"><strong><a href=\"mailto:karolina.lif@svenskakyrkan.se\">Karolina Lif<\/a><\/strong><\/td>\n<\/tr>\n<tr>\n<td valign=\"top\" bgcolor=\"#e6f7ff\"><strong>\u00a0Kass\u00f6r<\/strong><\/td>\n<td valign=\"top\" bgcolor=\"#e6f7ff\"><strong><a href=\"mailto:robert.pauker@svenskakyrkan.se\">Robert Pauker<\/a><\/strong><\/td>\n<\/tr>\n<tr>\n<td valign=\"top\" bgcolor=\"#ffffff\"><strong>\u00a0Styrelseledamot<\/strong><\/td>\n<td valign=\"top\" bgcolor=\"#ffffff\"><strong><a href=\"mailto:amanda.dahlstrom@svenskakyrkan.se\">Amanda Dahlstr\u00f6m<\/a><\/strong><\/td>\n<\/tr>\n<tr>\n<td valign=\"top\" bgcolor=\"#e6f7ff\"><strong>\u00a0Styrelseledamot<\/strong><\/td>\n<td valign=\"top\" bgcolor=\"#e6f7ff\"><strong><a href=\"mailto:lena.stenlund@svenskakyrkan.se\">Lena Stenlund<\/a><\/strong><\/td>\n<\/tr>\n<tr>\n<td valign=\"top\" bgcolor=\"#ffffff\"><strong>\u00a0Styrelseledamot<\/strong><\/td>\n<td valign=\"top\" bgcolor=\"#ffffff\"><a href=\"mailto:jonas.ostlund@svenskakyrkan.se\"><strong>Jonas \u00d6stlund<\/strong><\/a><\/td>\n<\/tr>\n<tr>\n<td valign=\"top\" bgcolor=\"#e6f7ff\"><strong>\u00a0Suppleant<\/strong><\/td>\n<td valign=\"top\" bgcolor=\"#e6f7ff\"><a href=\"mailto:william.berglund@svenskakyrkan.se\"><strong>William Berglund<\/strong><\/a><\/td>\n<\/tr>\n<tr>\n<td valign=\"top\" bgcolor=\"#ffffff\"><strong>\u00a0Suppleant<\/strong><\/td>\n<td valign=\"top\" bgcolor=\"#ffffff\"><strong><a href=\"mailto:johanna.tegner@svenskakyrkan.se\">Johanna Tegn\u00e9r<\/a><\/strong><\/td>\n<\/tr>\n<tr>\n<td colspan=\"2\" bgcolor=\"#e6f7ff\"><big><strong>\u00a0Fackliga ombud:<\/strong><\/big><\/td>\n<\/tr>\n<tr>\n<td valign=\"top\" bgcolor=\"#ffffff\"><strong>\u00a0Stiftsombud och<br \/>reg. skyddsombud<\/strong><\/td>\n<td valign=\"top\" bgcolor=\"#ffffff\"><strong><a href=\"mailto:christiane.rodder.steiner@svenskakyrkan.se\">Christiane R\u00f6dder Steiner<br \/><\/a><\/strong>Ansvar f\u00f6r BD-delen.<\/td>\n<\/tr>\n<tr>\n<td valign=\"top\" bgcolor=\"#e6f7ff\"><strong>\u00a0Stiftsombud och<br \/>reg. skyddsombud<\/strong><\/td>\n<td valign=\"top\" bgcolor=\"#e6f7ff\"><strong><a href=\"mailto:jonas.ostlund@svenskakyrkan.se\"><br \/><\/a><\/strong>Ansvar f\u00f6r AC-delen<\/td>\n<\/tr>\n<tr>\n<td valign=\"top\" bgcolor=\"#ffffff\"><strong>\u00a0Hedersledamot<\/strong><\/td>\n<td valign=\"top\" bgcolor=\"#ffffff\"><strong><a href=\"mailto:stefan.normark@bredband.net\">Stefan Normark<\/a><\/strong><\/td>\n<\/tr>\n<tr>\n<td valign=\"top\" bgcolor=\"#e6f7ff\"><strong>\u00a0Hedersledamot<\/strong><\/td>\n<td valign=\"top\" bgcolor=\"#e6f7ff\"><strong><a href=\"mailto:stig@stilun.de\">Stig Lundmark<\/a><\/strong><\/td>\n<\/tr>\n<\/tbody>\n<\/table>\n\n\n<figure class=\"wp-block-image size-large\"><a href=\"https:\/\/kmr.se\/lulea\/wordpress\/wp-content\/uploads\/2025\/11\/Bild-fran-styrelsen-2025-scaled-e1764148445501.jpg\"><img loading=\"lazy\" decoding=\"async\" width=\"1024\" height=\"604\" src=\"https:\/\/kmr.se\/lulea\/wordpress\/wp-content\/uploads\/2025\/11\/Bild-fran-styrelsen-2025-scaled-e1764148445501-1024x604.jpg\" alt=\"\" class=\"wp-image-558\" srcset=\"https:\/\/kmr.se\/lulea\/wordpress\/wp-content\/uploads\/2025\/11\/Bild-fran-styrelsen-2025-scaled-e1764148445501-1024x604.jpg 1024w, https:\/\/kmr.se\/lulea\/wordpress\/wp-content\/uploads\/2025\/11\/Bild-fran-styrelsen-2025-scaled-e1764148445501-300x177.jpg 300w, https:\/\/kmr.se\/lulea\/wordpress\/wp-content\/uploads\/2025\/11\/Bild-fran-styrelsen-2025-scaled-e1764148445501-768x453.jpg 768w, https:\/\/kmr.se\/lulea\/wordpress\/wp-content\/uploads\/2025\/11\/Bild-fran-styrelsen-2025-scaled-e1764148445501-1536x906.jpg 1536w, https:\/\/kmr.se\/lulea\/wordpress\/wp-content\/uploads\/2025\/11\/Bild-fran-styrelsen-2025-scaled-e1764148445501-2048x1208.jpg 2048w\" sizes=\"auto, (max-width: 1024px) 100vw, 1024px\" \/><\/a><\/figure>\n\n\n\n<p>Styrelsen fr\u00e5n v\u00e4nster till h\u00f6ger: William Berglund, Christiane R\u00f6dder Steiner, Amanda Dahlstr\u00f6m, Robert Pauker, Johanna Tegn\u00e9r, Lena Stenlund, Carolina S\u00f6derberg, ej n\u00e4rvarande p\u00e5 bild Karolina Lif och Jonas \u00d6stlund<\/p>\n\n\n\n<p><\/p>\n","protected":false},"excerpt":{"rendered":"<p>Klicka p\u00e5 namnet f\u00f6r att skicka e-post. \u00a0Befattning: Ledam\u00f6ter: \u00a0Ordf\u00f6rande Christiane R\u00f6dder Steiner \u00a0Vice ordf\u00f6rande Carolina S\u00f6derberg \u00a0Sekreterare Karolina Lif \u00a0Kass\u00f6r Robert Pauker \u00a0Styrelseledamot Amanda Dahlstr\u00f6m \u00a0Styrelseledamot Lena Stenlund \u00a0Styrelseledamot Jonas \u00d6stlund \u00a0Suppleant William Berglund \u00a0Suppleant Johanna Tegn\u00e9r \u00a0Fackliga ombud: \u00a0Stiftsombud ochreg. skyddsombud Christiane R\u00f6dder SteinerAnsvar f\u00f6r BD-delen. \u00a0Stiftsombud ochreg. skyddsombud Ansvar f\u00f6r AC-delen \u00a0Hedersledamot &hellip; <a href=\"https:\/\/kmr.se\/lulea\/?page_id=8\" class=\"more-link\">Forts\u00e4tt l\u00e4sa <span class=\"screen-reader-text\">Styrelsen<\/span> <span class=\"meta-nav\">&rarr;<\/span><\/a><\/p>\n","protected":false},"author":1,"featured_media":0,"parent":0,"menu_order":4,"comment_status":"open","ping_status":"open","template":"","meta":{"footnotes":"[]"},"class_list":["post-8","page","type-page","status-publish","hentry"],"_links":{"self":[{"href":"https:\/\/kmr.se\/lulea\/index.php?rest_route=\/wp\/v2\/pages\/8","targetHints":{"allow":["GET"]}}],"collection":[{"href":"https:\/\/kmr.se\/lulea\/index.php?rest_route=\/wp\/v2\/pages"}],"about":[{"href":"https:\/\/kmr.se\/lulea\/index.php?rest_route=\/wp\/v2\/types\/page"}],"author":[{"embeddable":true,"href":"https:\/\/kmr.se\/lulea\/index.php?rest_route=\/wp\/v2\/users\/1"}],"replies":[{"embeddable":true,"href":"https:\/\/kmr.se\/lulea\/index.php?rest_route=%2Fwp%2Fv2%2Fcomments&post=8"}],"version-history":[{"count":33,"href":"https:\/\/kmr.se\/lulea\/index.php?rest_route=\/wp\/v2\/pages\/8\/revisions"}],"predecessor-version":[{"id":593,"href":"https:\/\/kmr.se\/lulea\/index.php?rest_route=\/wp\/v2\/pages\/8\/revisions\/593"}],"wp:attachment":[{"href":"https:\/\/kmr.se\/lulea\/index.php?rest_route=%2Fwp%2Fv2%2Fmedia&parent=8"}],"curies":[{"name":"wp","href":"https:\/\/api.w.org\/{rel}","templated":true}]}}