





{"id":22,"date":"2010-10-31T16:54:31","date_gmt":"2010-10-31T15:54:31","guid":{"rendered":"http:\/\/kmr.se\/forening\/?page_id=22"},"modified":"2026-01-31T18:40:06","modified_gmt":"2026-01-31T18:40:06","slug":"styrelsen","status":"publish","type":"page","link":"https:\/\/kmr.se\/lund\/styrelsen\/","title":{"rendered":"Styrelsen"},"content":{"rendered":"<style>\n.contact-info {\n    font-size: 1.1em;\n    line-height: 1.4;\n}\n.phone-number {\n    font-weight: bold;\n    font-size: 1.1em;\n    color: #2c3e50;\n}\ntable {\n    border-collapse: collapse;\n    margin: 20px 0;\n    width: 100%;\n}\nth, td {\n    border: 1px solid #ddd;\n    padding: 10px;\n    vertical-align: top;\n}\nth {\n    background-color: #f2f2f2;\n    font-weight: 600;\n}<\/p>\n<p>\/* Mobile optimization *\/\n@media (max-width: 768px) {\n    table {\n        font-size: 14px;\n    }<\/p>\n<p>    th, td {\n        padding: 8px 6px;\n    }\n}\n<\/style>\n<table>\n<thead>\n<tr>\n<th colspan=\"2\" style=\"text-align: center; font-size: 1.2em;\">Styrelsen<\/th>\n<\/tr>\n<tr>\n<th>Post<\/th>\n<th>Namn<\/th>\n<\/tr>\n<\/thead>\n<tbody>\n<tr>\n<td><strong>Ordf\u00f6rande<\/strong><\/td>\n<td>Sofia Hernqvist<\/td>\n<\/tr>\n<tr>\n<td>Vice ordf\u00f6rande<\/td>\n<td>Ann-Margreth Nyberg<\/td>\n<\/tr>\n<tr>\n<td>Sekreterare<\/td>\n<td>Karin Werger<\/td>\n<\/tr>\n<tr>\n<td><strong>Kass\u00f6rer<\/strong><\/td>\n<td>\n        Kerstin Larsson\n      <\/td>\n<\/tr>\n<tr>\n<td><strong>Ledam\u00f6ter<\/strong><\/td>\n<td>\n        Samuel Sassersson<br \/>\n        Maria J\u00f6nsson<br \/>\n        Annika Nilsson\n      <\/td>\n<\/tr>\n<tr>\n<td><strong>Suppleanter<\/strong><\/td>\n<td>\n        Elisabeth Mattisson<br \/>\n        Annika Stoltz<br \/>\n        Gustav Ellstr\u00f6m<br \/>\n        Mari Sund\u00e5s\n      <\/td>\n<\/tr>\n<tr>\n<td><strong>Revisorer<\/strong><\/td>\n<td>\n        Elisabeth M\u00fchlhauser<br \/>\n        Lars-Micael Adrian\n      <\/td>\n<\/tr>\n<tr>\n<td><strong>Valberedning<\/strong><\/td>\n<td>\n        Per Henrik Johansson<br \/>\n        Leo Johansson<br \/>\n        Josefin Sundstr\u00f6m\n      <\/td>\n<\/tr>\n<\/tbody>\n<\/table>\n","protected":false},"excerpt":{"rendered":"<p>Styrelsen Post Namn Ordf\u00f6rande Sofia Hernqvist Vice ordf\u00f6rande Ann-Margreth Nyberg Sekreterare Karin Werger Kass\u00f6rer Kerstin Larsson Ledam\u00f6ter Samuel Sassersson Maria J\u00f6nsson Annika Nilsson Suppleanter Elisabeth Mattisson Annika Stoltz Gustav Ellstr\u00f6m Mari Sund\u00e5s Revisorer Elisabeth M\u00fchlhauser Lars-Micael Adrian Valberedning Per Henrik Johansson Leo Johansson Josefin Sundstr\u00f6m<\/p>\n","protected":false},"author":1,"featured_media":0,"parent":0,"menu_order":3,"comment_status":"open","ping_status":"closed","template":"","meta":{"footnotes":""},"class_list":["post-22","page","type-page","status-publish","hentry"],"_links":{"self":[{"href":"https:\/\/kmr.se\/lund\/wp-json\/wp\/v2\/pages\/22","targetHints":{"allow":["GET"]}}],"collection":[{"href":"https:\/\/kmr.se\/lund\/wp-json\/wp\/v2\/pages"}],"about":[{"href":"https:\/\/kmr.se\/lund\/wp-json\/wp\/v2\/types\/page"}],"author":[{"embeddable":true,"href":"https:\/\/kmr.se\/lund\/wp-json\/wp\/v2\/users\/1"}],"replies":[{"embeddable":true,"href":"https:\/\/kmr.se\/lund\/wp-json\/wp\/v2\/comments?post=22"}],"version-history":[{"count":182,"href":"https:\/\/kmr.se\/lund\/wp-json\/wp\/v2\/pages\/22\/revisions"}],"predecessor-version":[{"id":845,"href":"https:\/\/kmr.se\/lund\/wp-json\/wp\/v2\/pages\/22\/revisions\/845"}],"wp:attachment":[{"href":"https:\/\/kmr.se\/lund\/wp-json\/wp\/v2\/media?parent=22"}],"curies":[{"name":"wp","href":"https:\/\/api.w.org\/{rel}","templated":true}]}}