





{"id":29,"date":"2010-10-31T18:03:41","date_gmt":"2010-10-31T17:03:41","guid":{"rendered":"http:\/\/kmr.se\/forening\/?page_id=29"},"modified":"2026-01-28T12:58:04","modified_gmt":"2026-01-28T12:58:04","slug":"kontakt","status":"publish","type":"page","link":"https:\/\/kmr.se\/lund\/kontakt\/","title":{"rendered":"Kontakt"},"content":{"rendered":"<h2>V\u00e4lkommen att kontakta oss<\/h2>\n<p>Enklast anv\u00e4nder du formul\u00e4ret h\u00e4r nedanf\u00f6r direkt!<\/p>\n<style>\n.contact-form-container {\n    max-width: 600px;\n    margin: 30px 0;\n    padding: 25px;\n    background: #f8f9fa;\n    border-radius: 8px;\n    border: 1px solid #e9ecef;\n}<\/p>\n<p>.contact-form-container h3 {\n    margin-top: 0;\n    margin-bottom: 20px;\n    color: #2c3e50;\n    font-size: 1.4em;\n}<\/p>\n<p>\/* Contact Form 7 specifika styling *\/\n.wpcf7-form p {\n    margin-bottom: 20px !important;\n}<\/p>\n<p>.wpcf7-form label {\n    display: block;\n    margin-bottom: 6px;\n    font-weight: 600;\n    color: #2c3e50;\n    font-size: 14px;\n}<\/p>\n<p>.wpcf7-form input[type=\"text\"],\n.wpcf7-form input[type=\"email\"],\n.wpcf7-form textarea {\n    width: 100% !important;\n    padding: 12px;\n    border: 1px solid #ddd;\n    border-radius: 4px;\n    font-size: 14px;\n    box-sizing: border-box;\n    font-family: inherit;\n}<\/p>\n<p>.wpcf7-form textarea {\n    height: 120px;\n    resize: vertical;\n    line-height: 1.4;\n}<\/p>\n<p>.wpcf7-form input[type=\"submit\"] {\n    background: #3498db !important;\n    color: white !important;\n    padding: 14px 35px !important;\n    border: none !important;\n    border-radius: 4px !important;\n    font-size: 16px !important;\n    font-weight: 600 !important;\n    cursor: pointer;\n    transition: background 0.3s ease !important;\n    width: auto !important;\n}<\/p>\n<p>.wpcf7-form input[type=\"submit\"]:hover {\n    background: #2980b9 !important;\n}<\/p>\n<p>\/* Tabell styling *\/\n.contact-info {\n    font-size: 1.1em;\n    line-height: 1.4;\n}\n.phone-number {\n    font-weight: bold;\n    font-size: 1.1em;\n    color: #2c3e50;\n}\ntable {\n    border-collapse: collapse;\n    margin: 20px 0;\n    width: 100%;\n}\nth, td {\n    border: 1px solid #ddd;\n    padding: 10px;\n    vertical-align: top;\n}\nth {\n    background-color: #f2f2f2;\n    font-weight: 600;\n}<\/p>\n<p>\/* Mobile optimization *\/\n@media (max-width: 768px) {\n    .contact-form-container {\n        padding: 20px;\n        margin: 20px 0;\n    }<\/p>\n<p>    .wpcf7-form input[type=\"text\"],\n    .wpcf7-form input[type=\"email\"],\n    .wpcf7-form textarea {\n        padding: 10px;\n    }<\/p>\n<p>    table {\n        font-size: 14px;\n    }<\/p>\n<p>    th, td {\n        padding: 8px 6px;\n    }\n}\n<\/style>\n<div class=\"contact-form-container\">\n<h3>Kontakta oss<\/h3>\n\n<div class=\"wpcf7 no-js\" id=\"wpcf7-f32-o1\" lang=\"en-US\" dir=\"ltr\" data-wpcf7-id=\"32\">\n<div class=\"screen-reader-response\"><p role=\"status\" aria-live=\"polite\" aria-atomic=\"true\"><\/p> <ul><\/ul><\/div>\n<form action=\"\/lund\/wp-json\/wp\/v2\/pages\/29#wpcf7-f32-o1\" method=\"post\" class=\"wpcf7-form init\" aria-label=\"Contact form\" novalidate=\"novalidate\" data-status=\"init\">\n<fieldset class=\"hidden-fields-container\"><input type=\"hidden\" name=\"_wpcf7\" value=\"32\" \/><input type=\"hidden\" name=\"_wpcf7_version\" value=\"6.1.5\" \/><input type=\"hidden\" name=\"_wpcf7_locale\" value=\"en_US\" \/><input type=\"hidden\" name=\"_wpcf7_unit_tag\" value=\"wpcf7-f32-o1\" \/><input type=\"hidden\" name=\"_wpcf7_container_post\" value=\"0\" \/><input type=\"hidden\" name=\"_wpcf7_posted_data_hash\" value=\"\" \/>\n<\/fieldset>\n<div class=\"form-row\">\n\t<p><label>Ditt namn (obligatoriskt)<\/label><br \/>\n<span class=\"wpcf7-form-control-wrap\" data-name=\"your-name\"><input size=\"40\" maxlength=\"400\" class=\"wpcf7-form-control wpcf7-text wpcf7-validates-as-required form-input\" aria-required=\"true\" aria-invalid=\"false\" value=\"\" type=\"text\" name=\"your-name\" \/><\/span>\n\t<\/p>\n<\/div>\n<div class=\"form-row\">\n\t<p><label>Din e-post (obligatoriskt)<\/label><br \/>\n<span class=\"wpcf7-form-control-wrap\" data-name=\"your-email\"><input size=\"40\" maxlength=\"400\" class=\"wpcf7-form-control wpcf7-email wpcf7-validates-as-required wpcf7-text wpcf7-validates-as-email form-input\" aria-required=\"true\" aria-invalid=\"false\" value=\"\" type=\"email\" name=\"your-email\" \/><\/span>\n\t<\/p>\n<\/div>\n<div class=\"form-row\">\n\t<p><label>\u00c4mne<\/label><br \/>\n<span class=\"wpcf7-form-control-wrap\" data-name=\"your-subject\"><input size=\"40\" maxlength=\"400\" class=\"wpcf7-form-control wpcf7-text form-input\" aria-invalid=\"false\" value=\"\" type=\"text\" name=\"your-subject\" \/><\/span>\n\t<\/p>\n<\/div>\n<div class=\"form-row\">\n\t<p><label>Ditt meddelande<\/label><br \/>\n<span class=\"wpcf7-form-control-wrap\" data-name=\"your-message\"><textarea cols=\"40\" rows=\"10\" maxlength=\"2000\" class=\"wpcf7-form-control wpcf7-textarea form-textarea\" aria-invalid=\"false\" name=\"your-message\"><\/textarea><\/span>\n\t<\/p>\n<\/div>\n<div class=\"form-row\">\n\t<p><input class=\"wpcf7-form-control wpcf7-submit has-spinner submit-btn\" type=\"submit\" value=\"Skicka\" \/>\n\t<\/p>\n<\/div><div class=\"wpcf7-response-output\" aria-hidden=\"true\"><\/div>\n<\/form>\n<\/div>\n<\/div>\n<table>\n<thead>\n<tr>\n<th>Ombud<\/th>\n<th>Anst\u00e4llningsgrad &#038; Kontakt<\/th>\n<th>Kontrakt (Nr)<\/th>\n<th>F\u00f6rsamlingar\/Pastorat<\/th>\n<\/tr>\n<\/thead>\n<tbody>\n<tr>\n<td rowspan=\"5\"><strong>Annika Stoltz<\/strong><\/td>\n<td rowspan=\"5\" class=\"contact-info\">20%<br \/><a href=\"mailto:annika.stoltz@svenskakyrkan.se\">annika.stoltz@svenskakyrkan.se<\/a><br \/><span class=\"phone-number\">0703-119319<\/span><\/td>\n<td>Skytts och Vemmenh\u00f6gs (0703)<\/td>\n<td>Vellinge-M\u00e5nstorp, Trelleborg, N\u00e4sets pastorat (H\u00f6llviken &#038; Skan\u00f6r-Falsterbo), Dalk\u00f6pinge, Hammarl\u00f6v, K\u00e4llstorp, Andersl\u00f6v, Skurup, Villie, Skivarp<\/td>\n<\/tr>\n<tr>\n<td>Ljunits, Herrestads, F\u00e4rs och \u00d6sterlen (0705)<\/td>\n<td>Ystad: S\u00f6vestadsbygden &#038; Ystad (Stora K\u00f6pinge, f\u00f6retr\u00e4ds av Elisabeth eller Maria), L\u00f6derup, Sj\u00f6bo, Kivik, G\u00e4rsn\u00e4s, Simrishamn: Simrishamn, S:t Olof &#038; R\u00f6rum, Smedstorp, Tomellilabygden, Br\u00f6sarp-Tran\u00e5s, Blentarp, Ljunits, L\u00f6vestad, Vollsj\u00f6<\/td>\n<\/tr>\n<tr>\n<td>Frosta-R\u00f6nneberga (0709)<\/td>\n<td>H\u00f6rby, H\u00f6\u00f6r, Ringsj\u00f6, Esl\u00f6v: Marieholm, \u00d6stra Onsj\u00f6 &#038; Esl\u00f6v<\/td>\n<\/tr>\n<tr>\n<td>Villands och G\u00e4rds (0717)<\/td>\n<td>Degeberga-Ever\u00f6d<\/td>\n<\/tr>\n<tr>\n<td>Torna och Bara (0727)<\/td>\n<td>Veber\u00f6d<\/td>\n<\/tr>\n<tr>\n<td rowspan=\"2\"><strong>Elisabeth Mattisson<\/strong><\/td>\n<td rowspan=\"2\" class=\"contact-info\">20%<br \/><a href=\"mailto:elisabeth.mattisson@svenskakyrkan.se\">elisabeth.mattisson@svenskakyrkan.se<\/a><br \/><span class=\"phone-number\">0768-546335<\/span><\/td>\n<td>G\u00f6inge (0715)<\/td>\n<td>H\u00e4ssleholm<\/td>\n<\/tr>\n<tr>\n<td>Villands och G\u00e4rds (0717)<\/td>\n<td>Kristianstad: Kristianstads Heliga Trefaldighet, Kristianstad: Norra \u00c5sum, \u00c5hus, Nosaby, Oppmanna V\u00e5nga, Fj\u00e4lkinge: Fj\u00e4lkinge-Nym\u00f6, Gustav Adolf-Rinkaby &#038; B\u00e4ckaskog, V\u00e4-Skepparsl\u00f6v: V\u00e4-Skepparsl\u00f6v, Tr\u00e4ne-Djurr\u00f6d &#038; K\u00f6pinge, Arasl\u00f6v, Brom\u00f6lla pastorat: Ivetofta, Gual\u00f6v och N\u00e4sum, Tollarp<\/td>\n<\/tr>\n<tr>\n<td rowspan=\"6\"><strong>Maria J\u00f6nsson<\/strong><\/td>\n<td rowspan=\"6\" class=\"contact-info\">64%<br \/><a href=\"mailto:maria.jonsson3@svenskakyrkan.se\">maria.jonsson3@svenskakyrkan.se<\/a><br \/><span class=\"phone-number\">0706-023183<\/span><\/td>\n<td>Lunds stift (0700)<\/td>\n<td>Stiftskansliet<\/td>\n<\/tr>\n<tr>\n<td>Lunds kontrakt (0701)<\/td>\n<td>Lund: Lunds Domkyrkof\u00f6rsamling, Helgeand, Lunds Allhelgona f\u00f6rsamling, Lunds \u00f6stra stadsf\u00f6rsamling, S:t Peters Klorter, Norra N\u00f6bbel\u00f6v &#038; Torn<\/td>\n<\/tr>\n<tr>\n<td>Frosta-R\u00f6nneberga (0709)<\/td>\n<td>Landskrona, Sval\u00f6vsbygden: Teckomatorp, Sval\u00f6v &#038; Billeberga-Sirek\u00f6pinge, H\u00e4ljarp, L\u00f6ddebygden, Lackal\u00e4nga-St\u00e4vie, K\u00e4vlinge, (K\u00e5ger\u00f6d-R\u00f6st\u00e5nga f\u00f6retr\u00e4ds av Elisabeth eller Annika), D\u00f6sjebro<\/td>\n<\/tr>\n<tr>\n<td>Helsingborg (0711)<\/td>\n<td>Helsingborg: Helsingborgs Maria, Helsingborgs Gustav Adolf &#038; Raus<\/td>\n<\/tr>\n<tr>\n<td>Luggude-\u00c5sbo (0713)<\/td>\n<td>Bj\u00f6rnekulla-V\u00e4stra Broby, Kropp, Kvistofta, Bjuv, Klippan: \u00d6stra Ljungby, Klippan &#038; Riseberga-F\u00e4ringtofta, Kvidinge, \u00d6rkelljunga: \u00d6rkelljunga, Rya &#038; Sk\u00e5nes Fagerhult, Perstorp<\/td>\n<\/tr>\n<tr>\n<td>Malm\u00f6 (0726)<\/td>\n<td>Malm\u00f6: S:t Petri, Limhamn, Hyllie, Fosie, S:t Johannes &#038; Husie<\/td>\n<\/tr>\n<tr>\n<td rowspan=\"3\"><strong>Maria J\u00f6nsson<\/strong><br \/>(Forts\u00e4ttning)<\/td>\n<td rowspan=\"3\"><\/td>\n<td>Torna och Bara (0727)<\/td>\n<td>Bj\u00e4rred, Burl\u00f6v, Dalby, Genarp, Lomma, S:t Staffan, Svedala, S\u00f6dra Sandby, Upp\u00e5kra, V\u00e4rby<\/td>\n<\/tr>\n<tr>\n<td>G\u00f6inge (0715)<\/td>\n<td>Vinsl\u00f6v, S\u00f6sdala, Tyringe: Tyringe, R\u00f6ke &#038; V\u00e4stra Torup, Bj\u00e4rnum: Farstorp, Norra \u00c5karp &#038; Vankiva, Vittsj\u00f6-Verum, Broby-Emmisl\u00f6v, Osby: Loshult &#038; Osby-Visseltofta, Glim\u00e5kra-Hj\u00e4rs\u00e5s, Knislinge: Knislinge, Gryt &#038; Kvinge, \u00d6rkened<\/td>\n<\/tr>\n<tr>\n<td>Bj\u00e4re-Kulla (0714)<\/td>\n<td>V\u00e4stra Bj\u00e4re: V\u00e4stra-Karup &#038; Torekov, F\u00f6rsl\u00f6v-Grevie, Bark\u00e5kra, Hj\u00e4rnarp-T\u00e5starp, B\u00e5stad-\u00d6stra Karup, Munka Ljungby, \u00c4ngelholm, Str\u00f6velstorp, Allerum: Allerum, Fleninge &#038; V\u00e4linge-Kattarp, H\u00f6gan\u00e4s, Kulla: Farhult-Jonstorp, Viken &#038; V\u00e4sby, Brunnby<\/td>\n<\/tr>\n<\/tbody>\n<\/table>\n<table style=\"margin-top: 20px;\">\n<thead>\n<tr>\n<th>Ombuds arbetsplats<\/th>\n<th>F\u00f6retr\u00e4ds av<\/th>\n<\/tr>\n<\/thead>\n<tbody>\n<tr>\n<td>Maria J\u00f6nssons arbetsplats K\u00e5ger\u00f6d-R\u00f6st\u00e5nga<\/td>\n<td>Annika eller Elisabeth<\/td>\n<\/tr>\n<tr>\n<td>Annika Stoltz arbetsplats Stora K\u00f6pinge<\/td>\n<td>Elisabeth eller Maria<\/td>\n<\/tr>\n<tr>\n<td>Elisabeth Mattissons arbetsplats Lyck\u00e5<\/td>\n<td>Maria eller Annika<\/td>\n<\/tr>\n<\/tbody>\n<\/table>\n","protected":false},"excerpt":{"rendered":"<p>V\u00e4lkommen att kontakta oss Enklast anv\u00e4nder du formul\u00e4ret h\u00e4r nedanf\u00f6r direkt! Kontakta oss Ombud Anst\u00e4llningsgrad &#038; Kontakt Kontrakt (Nr) F\u00f6rsamlingar\/Pastorat Annika Stoltz 20%annika.stoltz@svenskakyrkan.se0703-119319 Skytts och Vemmenh\u00f6gs (0703) Vellinge-M\u00e5nstorp, Trelleborg, N\u00e4sets pastorat (H\u00f6llviken &#038; Skan\u00f6r-Falsterbo), Dalk\u00f6pinge, Hammarl\u00f6v, K\u00e4llstorp, Andersl\u00f6v, Skurup, Villie, Skivarp Ljunits, Herrestads, F\u00e4rs och \u00d6sterlen (0705) Ystad: S\u00f6vestadsbygden &#038; Ystad (Stora K\u00f6pinge, f\u00f6retr\u00e4ds av [&hellip;]<\/p>\n","protected":false},"author":1,"featured_media":0,"parent":0,"menu_order":6,"comment_status":"open","ping_status":"closed","template":"","meta":{"footnotes":""},"class_list":["post-29","page","type-page","status-publish","hentry"],"_links":{"self":[{"href":"https:\/\/kmr.se\/lund\/wp-json\/wp\/v2\/pages\/29","targetHints":{"allow":["GET"]}}],"collection":[{"href":"https:\/\/kmr.se\/lund\/wp-json\/wp\/v2\/pages"}],"about":[{"href":"https:\/\/kmr.se\/lund\/wp-json\/wp\/v2\/types\/page"}],"author":[{"embeddable":true,"href":"https:\/\/kmr.se\/lund\/wp-json\/wp\/v2\/users\/1"}],"replies":[{"embeddable":true,"href":"https:\/\/kmr.se\/lund\/wp-json\/wp\/v2\/comments?post=29"}],"version-history":[{"count":62,"href":"https:\/\/kmr.se\/lund\/wp-json\/wp\/v2\/pages\/29\/revisions"}],"predecessor-version":[{"id":831,"href":"https:\/\/kmr.se\/lund\/wp-json\/wp\/v2\/pages\/29\/revisions\/831"}],"wp:attachment":[{"href":"https:\/\/kmr.se\/lund\/wp-json\/wp\/v2\/media?parent=29"}],"curies":[{"name":"wp","href":"https:\/\/api.w.org\/{rel}","templated":true}]}}