





{"id":6,"date":"2010-10-21T09:48:33","date_gmt":"2010-10-21T08:48:33","guid":{"rendered":"http:\/\/kmr.se\/forening\/?page_id=2"},"modified":"2026-01-31T18:38:51","modified_gmt":"2026-01-31T18:38:51","slug":"senaste-nytt","status":"publish","type":"page","link":"https:\/\/kmr.se\/lund\/","title":{"rendered":"Start"},"content":{"rendered":"<h3>V\u00e4lkomna till Kyrkomusikernas Riksf\u00f6rbund och Lunds stifts Kyrkomusikerf\u00f6rening!<\/h3>\n<p>Medlem i Lunds stifts kyrkomusikerf\u00f6rening \u00e4r du som \u00e4r med i KMR (genom Sveriges L\u00e4rare) och som arbetar i Lunds stift.<\/p>\n<p>Du \u00e4r mycket v\u00e4lkommen att engagera dig i v\u00e5r gemensamma f\u00f6rening!<\/p>\n<p>Kontakta oss i styrelsen om du vill veta hur styrelsearbetet \u00e4r upplagt och kontakta n\u00e5gon i valberedningen om du vill kandidera till n\u00e5gon post inom f\u00f6reningen!<br \/>\nDu beh\u00f6vs!<\/p>\n<p><strong>Bli medlem!<\/strong><\/p>\n<p>H\u00e4lsar Sofia Hernqvist, ordf\u00f6rande<\/p>\n<hr \/>\n","protected":false},"excerpt":{"rendered":"<p>V\u00e4lkomna till Kyrkomusikernas Riksf\u00f6rbund och Lunds stifts Kyrkomusikerf\u00f6rening! Medlem i Lunds stifts kyrkomusikerf\u00f6rening \u00e4r du som \u00e4r med i KMR (genom Sveriges L\u00e4rare) och som arbetar i Lunds stift. Du \u00e4r mycket v\u00e4lkommen att engagera dig i v\u00e5r gemensamma f\u00f6rening! Kontakta oss i styrelsen om du vill veta hur styrelsearbetet \u00e4r upplagt och kontakta n\u00e5gon [&hellip;]<\/p>\n","protected":false},"author":1,"featured_media":0,"parent":0,"menu_order":1,"comment_status":"closed","ping_status":"closed","template":"","meta":{"footnotes":""},"class_list":["post-6","page","type-page","status-publish","hentry"],"_links":{"self":[{"href":"https:\/\/kmr.se\/lund\/wp-json\/wp\/v2\/pages\/6","targetHints":{"allow":["GET"]}}],"collection":[{"href":"https:\/\/kmr.se\/lund\/wp-json\/wp\/v2\/pages"}],"about":[{"href":"https:\/\/kmr.se\/lund\/wp-json\/wp\/v2\/types\/page"}],"author":[{"embeddable":true,"href":"https:\/\/kmr.se\/lund\/wp-json\/wp\/v2\/users\/1"}],"replies":[{"embeddable":true,"href":"https:\/\/kmr.se\/lund\/wp-json\/wp\/v2\/comments?post=6"}],"version-history":[{"count":46,"href":"https:\/\/kmr.se\/lund\/wp-json\/wp\/v2\/pages\/6\/revisions"}],"predecessor-version":[{"id":842,"href":"https:\/\/kmr.se\/lund\/wp-json\/wp\/v2\/pages\/6\/revisions\/842"}],"wp:attachment":[{"href":"https:\/\/kmr.se\/lund\/wp-json\/wp\/v2\/media?parent=6"}],"curies":[{"name":"wp","href":"https:\/\/api.w.org\/{rel}","templated":true}]}}