





{"id":61,"date":"2012-11-05T12:49:23","date_gmt":"2012-11-05T12:49:23","guid":{"rendered":"http:\/\/kmr.se\/lund\/?page_id=61"},"modified":"2025-11-28T04:36:17","modified_gmt":"2025-11-28T04:36:17","slug":"kontrakten","status":"publish","type":"page","link":"https:\/\/kmr.se\/lund\/kontrakten\/","title":{"rendered":"Kontrakten"},"content":{"rendered":"<h3>i Lunds stift.<\/h3>\n<table width=\"500\" cellspacing=\"3\" cellpadding=\"0\" align=\"left\">\n<tbody>\n<tr>\n<td>\n<h3>V\u00e5ra f\u00f6rhandlingsombud \u00e4r:<\/h3>\n<\/td>\n<\/tr>\n<tr>\n<td>\n<strong>Annika Stoltz och Maria J\u00f6nsson, Elisabeth<br \/>\nMattisson.<\/strong><br \/>\nKontaktuppgifter se &#8221;<strong><a href=\"http:\/\/kmr.se\/lund\/kontakt\/\/\">Kontakt<\/a><\/strong>&#8221;<\/td>\n<\/tr>\n<\/tbody>\n<\/table>\n<table width=\"400\" cellspacing=\"3\" cellpadding=\"0\" align=\"left\">\n<tbody>\n<tr>\n<td>\n<h4>V\u00e5ra kontraktsombud \u00e4r:<\/h4>\n<\/td>\n<\/tr>\n<tr>\n<td>Lund:<\/td>\n<td>Karin Werger<\/td>\n<\/tr>\n<tr>\n<td>Malm\u00f6:<\/td>\n<td>Anders Johnsson och Sofia Hernqvist<\/td>\n<\/tr>\n<tr>\n<td>Skytts-Vemmenh\u00f6gs:<\/td>\n<td>Magnus Larsson<\/td>\n<\/tr>\n<tr>\n<td>Torna-Bara:<\/td>\n<td>Vakant<\/td>\n<\/tr>\n<tr>\n<td>Ljunits, Herrestads, F\u00e4rs och \u00d6sterlens:<\/td>\n<td>Annika Stoltz<\/td>\n<\/tr>\n<tr>\n<td>Frosta-R\u00f6nnebergs:<\/td>\n<td>Marie Svensson<\/td>\n<\/tr>\n<tr>\n<td>Luggude-\u00c5sbo:<\/td>\n<td>Per Henrik Johansson <\/td>\n<\/tr>\n<tr>\n<td>Helsingborg:<\/td>\n<td>Vakant<\/td>\n<\/tr>\n<tr>\n<td>Bj\u00e4re-Kulla:<\/td>\n<td>vakant<\/td>\n<\/tr>\n<tr>\n<td>G\u00f6inge:<\/td>\n<td>Vakant<\/td>\n<\/tr>\n<tr>\n<td>Villands och G\u00e4rds:<\/td>\n<td>Josefin \u00c5kerberg<\/td>\n<\/tr>\n<tr>\n<td>Blekinge:<\/td>\n<td>Mari Sund\u00e5s<\/td>\n<\/tr>\n<\/tbody>\n<\/table>\n","protected":false},"excerpt":{"rendered":"<p>i Lunds stift. V\u00e5ra f\u00f6rhandlingsombud \u00e4r: Annika Stoltz och Maria J\u00f6nsson, Elisabeth Mattisson. Kontaktuppgifter se &#8221;Kontakt&#8221; V\u00e5ra kontraktsombud \u00e4r: Lund: Karin Werger Malm\u00f6: Anders Johnsson och Sofia Hernqvist Skytts-Vemmenh\u00f6gs: Magnus Larsson Torna-Bara: Vakant Ljunits, Herrestads, F\u00e4rs och \u00d6sterlens: Annika Stoltz Frosta-R\u00f6nnebergs: Marie Svensson Luggude-\u00c5sbo: Per Henrik Johansson Helsingborg: Vakant Bj\u00e4re-Kulla: vakant G\u00f6inge: Vakant Villands och [&hellip;]<\/p>\n","protected":false},"author":1,"featured_media":0,"parent":0,"menu_order":5,"comment_status":"open","ping_status":"open","template":"","meta":{"footnotes":""},"class_list":["post-61","page","type-page","status-publish","hentry"],"_links":{"self":[{"href":"https:\/\/kmr.se\/lund\/wp-json\/wp\/v2\/pages\/61","targetHints":{"allow":["GET"]}}],"collection":[{"href":"https:\/\/kmr.se\/lund\/wp-json\/wp\/v2\/pages"}],"about":[{"href":"https:\/\/kmr.se\/lund\/wp-json\/wp\/v2\/types\/page"}],"author":[{"embeddable":true,"href":"https:\/\/kmr.se\/lund\/wp-json\/wp\/v2\/users\/1"}],"replies":[{"embeddable":true,"href":"https:\/\/kmr.se\/lund\/wp-json\/wp\/v2\/comments?post=61"}],"version-history":[{"count":71,"href":"https:\/\/kmr.se\/lund\/wp-json\/wp\/v2\/pages\/61\/revisions"}],"predecessor-version":[{"id":764,"href":"https:\/\/kmr.se\/lund\/wp-json\/wp\/v2\/pages\/61\/revisions\/764"}],"wp:attachment":[{"href":"https:\/\/kmr.se\/lund\/wp-json\/wp\/v2\/media?parent=61"}],"curies":[{"name":"wp","href":"https:\/\/api.w.org\/{rel}","templated":true}]}}