





{"id":282,"date":"2017-05-04T07:46:28","date_gmt":"2017-05-04T07:46:28","guid":{"rendered":"http:\/\/kmr.se\/stockholm\/?page_id=282"},"modified":"2025-12-04T18:22:33","modified_gmt":"2025-12-04T18:22:33","slug":"tonsattningar","status":"publish","type":"page","link":"https:\/\/kmr.se\/stockholm\/tonsattningar\/","title":{"rendered":"Tons\u00e4ttningar"},"content":{"rendered":"<p><a href=\"http:\/\/kmr.se\/stockholm\/wp-content\/uploads\/2017\/05\/Julfragment-f\u00f6r-altr\u00f6st-och-piano-David-\u00c5berg.pdf\">Julfragment, f\u00f6r altr\u00f6st och piano (David \u00c5berg)<\/a><\/p>\n<p><a href=\"http:\/\/kmr.se\/stockholm\/wp-content\/uploads\/2017\/05\/Hosianna-Davids-Son.-H\u00e4rlig-\u00e4r-jorden.-SATB-P-O-Larsson.pdf\">Hosianna, Davids Son. H\u00e4rlig \u00e4r jorden. SATB (P-O Larsson)<\/a><\/p>\n<p><a href=\"http:\/\/kmr.se\/stockholm\/wp-content\/uploads\/2017\/05\/Hosianna-Kom-med-hj\u00e4lp-f\u00f6r-SATB-och-orgel-brasskvartett-o-slagverk-ad-lib-Johan-Denke.pdf\">Hosianna (Kom med hj\u00e4lp), f\u00f6r SATB och orgel; brasskvartett o slagverk ad lib (Johan Denke)<\/a><\/p>\n<p><a href=\"http:\/\/kmr.se\/stockholm\/wp-content\/uploads\/2017\/05\/Kyrie-Niklas-Hidmark1.pdf\">Kyrie (Niklas Hidmark)<\/a><\/p>\n<p><a href=\"http:\/\/kmr.se\/stockholm\/wp-content\/uploads\/2017\/05\/Gloria-Niklas-Hidmark.pdf\">Gloria (Niklas Hidmark)<\/a><\/p>\n<p><a href=\"http:\/\/kmr.se\/stockholm\/wp-content\/uploads\/2017\/05\/Sanctus-Niklas-Hidmark.pdf\">Sanctus (Niklas Hidmark)<\/a><\/p>\n<p><a href=\"http:\/\/kmr.se\/stockholm\/wp-content\/uploads\/2017\/05\/Agnus-Dei-Niklas-Hidmark.pdf\">Agnus Dei (Niklas Hidmark)<\/a><\/p>\n<p><a href=\"http:\/\/kmr.se\/stockholm\/wp-content\/uploads\/2017\/05\/Alleluia-Niklas-Hidmark.pdf\">Alleluia (Niklas Hidmark)<\/a><\/p>\n<p><a href=\"http:\/\/kmr.se\/stockholm\/wp-content\/uploads\/2017\/05\/Herre-v\u00e5r-Herre-psaltaren-8.-SATB-a-cap-Alwar-Almkvisth.pdf\">Herre, v\u00e5r Herre (psaltaren 8). SATB a cap (Alwar Almkvisth)<\/a><\/p>\n<p><a href=\"http:\/\/kmr.se\/stockholm\/wp-content\/uploads\/2017\/05\/V\u00e5rens-v\u00e4ntan-f\u00f6r-SSAB-och-piano-Alwar-Almkvisth.pdf\">V\u00e5rens v\u00e4ntan, f\u00f6r SSA(B) och piano (Alwar Almkvisth)<\/a><\/p>\n<p><a href=\"http:\/\/kmr.se\/stockholm\/wp-content\/uploads\/2017\/05\/GLORIA-Lovs\u00e5ng-f\u00f6r-barnk\u00f6r-och-piano-Alwar-Almqvisth.pdf\">GLORIA &#8211; Lovs\u00e5ng, f\u00f6r barnk\u00f6r och piano (Alwar Almqvisth)<\/a><\/p>\n<p><a href=\"http:\/\/kmr.se\/stockholm\/wp-content\/uploads\/2017\/05\/Nu-haver-denna-dag-Ingela-Rousu.pdf\">Nu haver denna dag (Ingela Rousu)<\/a><\/p>\n<p><a href=\"http:\/\/kmr.se\/stockholm\/wp-content\/uploads\/2017\/05\/Du-fr\u00e5gar...-f\u00f6r-SATB-och-orgel-Lars-Fred\u00e9n.pdf\">Du fr\u00e5gar&#8230;, f\u00f6r SATB och orgel (Lars Fred\u00e9n)<\/a><\/p>\n<p><a href=\"http:\/\/kmr.se\/stockholm\/wp-content\/uploads\/2017\/05\/En-vallfartss\u00e5ng-Lars-Fred\u00e9n.pdf\">En vallfartss\u00e5ng (Lars Fred\u00e9n)<\/a><\/p>\n<p><a href=\"http:\/\/kmr.se\/stockholm\/wp-content\/uploads\/2017\/05\/Se-jag-st\u00e5r-vid-d\u00f6rren-Lars-Fred\u00e9n.pdf\">Se, jag st\u00e5r vid d\u00f6rren (Lars Fred\u00e9n)<\/a><\/p>\n<p><a href=\"http:\/\/kmr.se\/stockholm\/wp-content\/uploads\/2017\/05\/Halleluja-Lars-Fred\u00e9n.pdf\">Halleluja (Lars Fred\u00e9n)<\/a><\/p>\n<p><a href=\"http:\/\/kmr.se\/stockholm\/wp-content\/uploads\/2017\/05\/Staketet-f\u00f6r-SAB-och-piano-Lars-Fred\u00e9n.pdf\">Staketet, f\u00f6r SAB och piano (Lars Fred\u00e9n)<\/a><\/p>\n","protected":false},"excerpt":{"rendered":"<p>Julfragment, f\u00f6r altr\u00f6st och piano (David \u00c5berg) Hosianna, Davids Son. H\u00e4rlig \u00e4r jorden. SATB (P-O Larsson) Hosianna (Kom med hj\u00e4lp), f\u00f6r SATB och orgel; brasskvartett o slagverk ad lib (Johan Denke) Kyrie (Niklas Hidmark) Gloria (Niklas Hidmark) Sanctus (Niklas Hidmark) Agnus Dei (Niklas Hidmark) Alleluia (Niklas Hidmark) Herre, v\u00e5r Herre (psaltaren 8). SATB a cap [&hellip;]<\/p>\n","protected":false},"author":1,"featured_media":0,"parent":0,"menu_order":0,"comment_status":"open","ping_status":"open","template":"","meta":{"footnotes":""},"class_list":["post-282","page","type-page","status-publish","hentry"],"_links":{"self":[{"href":"https:\/\/kmr.se\/stockholm\/wp-json\/wp\/v2\/pages\/282","targetHints":{"allow":["GET"]}}],"collection":[{"href":"https:\/\/kmr.se\/stockholm\/wp-json\/wp\/v2\/pages"}],"about":[{"href":"https:\/\/kmr.se\/stockholm\/wp-json\/wp\/v2\/types\/page"}],"author":[{"embeddable":true,"href":"https:\/\/kmr.se\/stockholm\/wp-json\/wp\/v2\/users\/1"}],"replies":[{"embeddable":true,"href":"https:\/\/kmr.se\/stockholm\/wp-json\/wp\/v2\/comments?post=282"}],"version-history":[{"count":15,"href":"https:\/\/kmr.se\/stockholm\/wp-json\/wp\/v2\/pages\/282\/revisions"}],"predecessor-version":[{"id":668,"href":"https:\/\/kmr.se\/stockholm\/wp-json\/wp\/v2\/pages\/282\/revisions\/668"}],"wp:attachment":[{"href":"https:\/\/kmr.se\/stockholm\/wp-json\/wp\/v2\/media?parent=282"}],"curies":[{"name":"wp","href":"https:\/\/api.w.org\/{rel}","templated":true}]}}