





{"id":7,"date":"2010-12-06T13:54:46","date_gmt":"2010-12-06T13:54:46","guid":{"rendered":"http:\/\/kmr.se\/stockholm\/"},"modified":"2026-03-26T11:41:15","modified_gmt":"2026-03-26T11:41:15","slug":"styrelsen","status":"publish","type":"page","link":"https:\/\/kmr.se\/stockholm\/styrelsen\/","title":{"rendered":"Styrelsen, revisorer"},"content":{"rendered":"<p>Ordf\u00f6rande Ludvig K\u00e4ll<br \/>\nVice ordf\u00f6rande\u00a0Marie Olhans<br \/>\nSekreterare Liv\u00a0Skareng<br \/>\nKass\u00f6r Erika Alfredsson Bohlin<br \/>\nLedam\u00f6ter Lars-Gunnar Sommarb\u00e4ck, Stefan Sj\u00e4lander, Birgitta Brod\u00e9n<br \/>\nSuppleanter Roland M\u00f6hle, Crescenzo Grifone, John Emanuelsson och Rikard Lindberg Karlsson<\/p>\n<p><b>Revisorer<\/b><\/p>\n<p>Boel Dirke och\u00a0Christer Wallstr\u00f6m<\/p>\n<p><b>Revisorssuppleanter<\/b><\/p>\n<p>Ewa Lena Kansbod och Torgerd Riben<\/p>\n<p><b>Valberedning<\/b><\/p>\n<p>Li Ringqvist \u00d6stman, \u00a0Fredrik Roste. Kerstin Ytterberg, suppleant<\/p>\n","protected":false},"excerpt":{"rendered":"<p>Ordf\u00f6rande Ludvig K\u00e4ll Vice ordf\u00f6rande\u00a0Marie Olhans Sekreterare Liv\u00a0Skareng Kass\u00f6r Erika Alfredsson Bohlin Ledam\u00f6ter Lars-Gunnar Sommarb\u00e4ck, Stefan Sj\u00e4lander, Birgitta Brod\u00e9n Suppleanter Roland M\u00f6hle, Crescenzo Grifone, John Emanuelsson och Rikard Lindberg Karlsson Revisorer Boel Dirke och\u00a0Christer Wallstr\u00f6m Revisorssuppleanter Ewa Lena Kansbod och Torgerd Riben Valberedning Li Ringqvist \u00d6stman, \u00a0Fredrik Roste. Kerstin Ytterberg, suppleant<\/p>\n","protected":false},"author":1,"featured_media":0,"parent":0,"menu_order":2,"comment_status":"closed","ping_status":"closed","template":"","meta":{"footnotes":""},"class_list":["post-7","page","type-page","status-publish","hentry"],"_links":{"self":[{"href":"https:\/\/kmr.se\/stockholm\/wp-json\/wp\/v2\/pages\/7","targetHints":{"allow":["GET"]}}],"collection":[{"href":"https:\/\/kmr.se\/stockholm\/wp-json\/wp\/v2\/pages"}],"about":[{"href":"https:\/\/kmr.se\/stockholm\/wp-json\/wp\/v2\/types\/page"}],"author":[{"embeddable":true,"href":"https:\/\/kmr.se\/stockholm\/wp-json\/wp\/v2\/users\/1"}],"replies":[{"embeddable":true,"href":"https:\/\/kmr.se\/stockholm\/wp-json\/wp\/v2\/comments?post=7"}],"version-history":[{"count":47,"href":"https:\/\/kmr.se\/stockholm\/wp-json\/wp\/v2\/pages\/7\/revisions"}],"predecessor-version":[{"id":688,"href":"https:\/\/kmr.se\/stockholm\/wp-json\/wp\/v2\/pages\/7\/revisions\/688"}],"wp:attachment":[{"href":"https:\/\/kmr.se\/stockholm\/wp-json\/wp\/v2\/media?parent=7"}],"curies":[{"name":"wp","href":"https:\/\/api.w.org\/{rel}","templated":true}]}}