





{"id":9,"date":"2010-12-06T13:54:55","date_gmt":"2010-12-06T13:54:55","guid":{"rendered":"http:\/\/kmr.se\/stockholm\/"},"modified":"2025-12-04T18:53:37","modified_gmt":"2025-12-04T18:53:37","slug":"kontakt","status":"publish","type":"page","link":"https:\/\/kmr.se\/stockholm\/kontakt\/","title":{"rendered":"Kontakt"},"content":{"rendered":"\n<p>Ludvig K\u00e4ll, ordf\u00f6rande f\u00f6r Stockholms stifts kyrkomusikerf\u00f6rening<\/p>\n\n\n\n<p>Ludvig.Kall@svenskakyrkan<a href=\"Ludvig.Kall@svenskakyrkan.se\">.<\/a>se<\/p>\n\n\n\n<p><\/p>\n","protected":false},"excerpt":{"rendered":"<p>Ludvig K\u00e4ll, ordf\u00f6rande f\u00f6r Stockholms stifts kyrkomusikerf\u00f6rening Ludvig.Kall@svenskakyrkan.se<\/p>\n","protected":false},"author":1,"featured_media":0,"parent":0,"menu_order":15,"comment_status":"open","ping_status":"closed","template":"","meta":{"footnotes":""},"class_list":["post-9","page","type-page","status-publish","hentry"],"_links":{"self":[{"href":"https:\/\/kmr.se\/stockholm\/wp-json\/wp\/v2\/pages\/9","targetHints":{"allow":["GET"]}}],"collection":[{"href":"https:\/\/kmr.se\/stockholm\/wp-json\/wp\/v2\/pages"}],"about":[{"href":"https:\/\/kmr.se\/stockholm\/wp-json\/wp\/v2\/types\/page"}],"author":[{"embeddable":true,"href":"https:\/\/kmr.se\/stockholm\/wp-json\/wp\/v2\/users\/1"}],"replies":[{"embeddable":true,"href":"https:\/\/kmr.se\/stockholm\/wp-json\/wp\/v2\/comments?post=9"}],"version-history":[{"count":7,"href":"https:\/\/kmr.se\/stockholm\/wp-json\/wp\/v2\/pages\/9\/revisions"}],"predecessor-version":[{"id":673,"href":"https:\/\/kmr.se\/stockholm\/wp-json\/wp\/v2\/pages\/9\/revisions\/673"}],"wp:attachment":[{"href":"https:\/\/kmr.se\/stockholm\/wp-json\/wp\/v2\/media?parent=9"}],"curies":[{"name":"wp","href":"https:\/\/api.w.org\/{rel}","templated":true}]}}