





{"id":11,"date":"2010-12-06T13:55:01","date_gmt":"2010-12-06T13:55:01","guid":{"rendered":"http:\/\/kmr.se\/stockholm\/"},"modified":"2021-05-04T15:59:17","modified_gmt":"2021-05-04T15:59:17","slug":"lankar","status":"publish","type":"page","link":"https:\/\/kmr.se\/vasteras\/lankar\/","title":{"rendered":"L\u00e4nkar"},"content":{"rendered":"<p><strong>ALLM\u00c4NT<\/strong><\/p>\n<p><span style=\"color: #000000;\"><a href=\"http:\/\/www.vasteras.sjungikyrkan.nu\">V\u00e4ster\u00e5s stifts kyrkos\u00e5ngsf\u00f6rbund<\/a><br \/>\n<\/span><span style=\"color: #000000;\"><a href=\"http:\/\/kmr.se\">KMR<br \/>\n<\/a><a href=\"http:\/\/www.sensus.se\">Sensus<\/a> <\/span><strong><span style=\"color: #000000;\"><br \/>\n<\/span><\/strong><\/p>\n<p><strong><span style=\"color: #000000;\">FACKLIGT<\/span><\/strong><\/p>\n<p><a href=\"https:\/\/www.lararforbundet.se\">L\u00e4rarf\u00f6rbundet<\/a><a href=\"https:\/\/www.svenskakyrkan.se\/arbetsgivare\"><br \/>\nSvenska kyrkans arbetsgivarorganisation<\/a><br \/>\n<strong><br \/>\n<\/strong><\/p>\n<p><strong>ARBETSMILJ\u00d6<\/strong><\/p>\n<p><a href=\"https:\/\/www.av.se\">Arbetsmilj\u00f6verket<\/a><\/p>\n","protected":false},"excerpt":{"rendered":"<p>ALLM\u00c4NT V\u00e4ster\u00e5s stifts kyrkos\u00e5ngsf\u00f6rbund KMR Sensus FACKLIGT L\u00e4rarf\u00f6rbundet Svenska kyrkans arbetsgivarorganisation ARBETSMILJ\u00d6 Arbetsmilj\u00f6verket<\/p>\n","protected":false},"author":1,"featured_media":0,"parent":0,"menu_order":70,"comment_status":"open","ping_status":"closed","template":"","meta":{"footnotes":""},"class_list":["post-11","page","type-page","status-publish","hentry"],"_links":{"self":[{"href":"https:\/\/kmr.se\/vasteras\/wp-json\/wp\/v2\/pages\/11","targetHints":{"allow":["GET"]}}],"collection":[{"href":"https:\/\/kmr.se\/vasteras\/wp-json\/wp\/v2\/pages"}],"about":[{"href":"https:\/\/kmr.se\/vasteras\/wp-json\/wp\/v2\/types\/page"}],"author":[{"embeddable":true,"href":"https:\/\/kmr.se\/vasteras\/wp-json\/wp\/v2\/users\/1"}],"replies":[{"embeddable":true,"href":"https:\/\/kmr.se\/vasteras\/wp-json\/wp\/v2\/comments?post=11"}],"version-history":[{"count":20,"href":"https:\/\/kmr.se\/vasteras\/wp-json\/wp\/v2\/pages\/11\/revisions"}],"predecessor-version":[{"id":326,"href":"https:\/\/kmr.se\/vasteras\/wp-json\/wp\/v2\/pages\/11\/revisions\/326"}],"wp:attachment":[{"href":"https:\/\/kmr.se\/vasteras\/wp-json\/wp\/v2\/media?parent=11"}],"curies":[{"name":"wp","href":"https:\/\/api.w.org\/{rel}","templated":true}]}}